{"id":106,"date":"2024-11-26T13:17:56","date_gmt":"2024-11-26T13:17:56","guid":{"rendered":"https:\/\/azbookmakers.com\/de\/?page_id=106"},"modified":"2025-04-17T11:47:35","modified_gmt":"2025-04-17T11:47:35","slug":"klon-buchmacher","status":"publish","type":"page","link":"https:\/\/azbookmakers.com\/de\/klon-buchmacher\/","title":{"rendered":"Buchmacher klonen"},"content":{"rendered":"<div class=\"gb-container gb-container-bcbc8aae alignfull\"><div class=\"gb-inside-container\">\n<div class=\"gb-grid-wrapper gb-grid-wrapper-e1907126\">\n<div class=\"gb-grid-column gb-grid-column-72ddd41a\"><div class=\"gb-container gb-container-72ddd41a\">\n\n<figure class=\"gb-block-image gb-block-image-136e4304\"><img loading=\"lazy\" decoding=\"async\" width=\"375\" height=\"285\" class=\"gb-image gb-image-136e4304\" src=\"https:\/\/azbookmakers.com\/de\/wp-content\/uploads\/sites\/2\/2024\/11\/Clone-bookmakers.svg\" alt=\"Buchmacher klonen\" title=\"Buchmacher klonen\"\/><\/figure>\n\n<\/div><\/div>\n\n<div class=\"gb-grid-column gb-grid-column-d9354d18\"><div class=\"gb-container gb-container-d9354d18\">\n<span><span><a href=\"https:\/\/azbookmakers.com\/de\/\">AZbookmakers<\/a><\/span><\/span>\n\n\n\n<h1 class=\"gb-headline gb-headline-67b36986 gb-headline-text\">Buchmacher klonen<\/h1>\n\n\n<div class=\"gb-container gb-container-000fb8af\">\n<div class=\"gb-grid-wrapper gb-grid-wrapper-dfb492a9\">\n<div class=\"gb-grid-column gb-grid-column-7232b480\"><div class=\"gb-container gb-container-7232b480\">\n<figure class=\"gb-block-image gb-block-image-a42520f7\"><img alt='' src='https:\/\/secure.gravatar.com\/avatar\/9b018c099c1d3d311de41245607c079c43a184dbd878419894a038ce3d5bff65?s=50&#038;d=mm&#038;r=g' srcset='https:\/\/secure.gravatar.com\/avatar\/9b018c099c1d3d311de41245607c079c43a184dbd878419894a038ce3d5bff65?s=100&#038;d=mm&#038;r=g 2x' class='avatar avatar-50 photo gb-image-a42520f7' height='50' width='50' \/><\/figure>\n<\/div><\/div>\n\n<div class=\"gb-grid-column gb-grid-column-d493fd35\"><div class=\"gb-container gb-container-d493fd35\">\n<div class=\"gb-container gb-container-c781a7ee\">\n\n<p style=\"font-size:15px;letter-spacing:0px\">Geschrieben von<\/p>\n\n\n<h5 class=\"gb-headline gb-headline-fff1859c gb-headline-text\"><a href=\"https:\/\/azbookmakers.com\/de\/author\/admin\/\">AZ team<\/a><\/h5>\n<\/div>\n\n<div class=\"gb-container gb-container-c157dc3b\">\n\n<p style=\"font-size:15px;letter-spacing:0px\">Aktualisiert<\/p>\n\n\n<h5 class=\"gb-headline gb-headline-09023a88 gb-headline-text\"><time class=\"entry-date updated-date\" datetime=\"2025-04-17T11:47:35+00:00\">April 17, 2025<\/time><\/h5>\n<\/div>\n<\/div><\/div>\n<\/div>\n<\/div>\n\n\n<p class=\"gb-headline gb-headline-7b3e6acd gb-headline-text\">Jeder, der an <a href=\"https:\/\/azbookmakers.com\/de\/arbitrage-buchmacher\/\">Sport-Arbitrage-Wetten<\/a> teilnimmt, hat zweifellos schon einmal Kontobeschr\u00e4nkungen erlebt oder ist in die Situation geraten, dass sein bevorzugter Arbitrage-Anbieter ihn an einen Buchmacher verwiesen hat, der in seiner Region aufgrund verschiedener Einschr\u00e4nkungen nicht verf\u00fcgbar ist. Gl\u00fccklicherweise gibt es eine M\u00f6glichkeit, mit diesen Problemen umzugehen, und viele unerfahrene Arbitrage-Spieler sind sich dessen nicht einmal bewusst. Dabei handelt es sich um sogenannte Klon-Buchmacher, die im Wesentlichen unter verschiedenen Identit\u00e4ten agieren, aber dieselben Quoten und M\u00e4rkte anbieten.<\/p>\n\n<\/div><\/div>\n\n<div class=\"gb-grid-column gb-grid-column-31b9ee80\"><div class=\"gb-container gb-container-31b9ee80\">\n\n<p class=\"gb-headline gb-headline-8777f704 gb-headline-text\">Bester Bonus von Klon Buchmachern MyStake \ud83c\udfc0<\/p>\n\n\n<div class=\"gb-grid-wrapper gb-grid-wrapper-2da68e96\">\n<div class=\"gb-grid-column gb-grid-column-53a97759\"><div class=\"gb-container gb-container-53a97759\">\n<div class=\"gb-container gb-container-634f6a41\">\n\n<p class=\"gb-headline gb-headline-2a211c32 gb-headline-text\"><strong>100% bis zu 500$<\/strong><\/p>\n\n<\/div>\n<\/div><\/div>\n\n<div class=\"gb-grid-column gb-grid-column-97c39034\"><div class=\"gb-container gb-container-97c39034\"><a class=\"gb-container-link\" href=\"https:\/\/azbookmakers.com\/de\/play\/mystake\" rel=\"nofollow\"><\/a>\n\n<p class=\"gb-headline gb-headline-5eefc06a gb-headline-text\">JETZT SPIELEN<\/p>\n\n<\/div><\/div>\n<\/div>\n\n\n<p class=\"gb-headline gb-headline-c4ad2d74 gb-headline-text\">Bester geklonter Buchmacher<\/p>\n\n\n<div class=\"gb-grid-wrapper gb-grid-wrapper-abe36fe6\">\n<div class=\"gb-grid-column gb-grid-column-534ff646\"><div class=\"gb-container gb-container-534ff646\">\n<div class=\"gb-container gb-container-027b7bbb\">\n\n<p class=\"gb-headline gb-headline-e978bc9b gb-headline-text\"><strong>Velobet<\/strong><\/p>\n\n<\/div>\n<\/div><\/div>\n\n<div class=\"gb-grid-column gb-grid-column-546c1cbd\"><div class=\"gb-container gb-container-546c1cbd\"><a class=\"gb-container-link\" href=\"https:\/\/azbookmakers.com\/de\/play\/velobet\" rel=\"nofollow\"><\/a>\n\n<p class=\"gb-headline gb-headline-ddd84409 gb-headline-text\">JETZT SPIELEN<\/p>\n\n<\/div><\/div>\n<\/div>\n<\/div><\/div>\n<\/div>\n\n<div class=\"gb-container gb-container-88645f71\">\n\n<figure class=\"wp-block-table\"><table class=\"has-fixed-layout\"><tbody><tr><td class=\"has-text-align-center\" data-align=\"center\">Bester Klon von Unibet<\/td><td class=\"has-text-align-center\" data-align=\"center\"><a href=\"https:\/\/azbookmakers.com\/de\/play\/velobet\" rel=\"nofollow\">Velobet<\/a><\/td><\/tr><tr><td class=\"has-text-align-center\" data-align=\"center\">\u00c4hnliche Quoten wie bei Bet365<\/td><td class=\"has-text-align-center\" data-align=\"center\"><a href=\"https:\/\/azbookmakers.com\/de\/play\/cloudbet\" rel=\"nofollow\">Cloudbet<\/a><\/td><\/tr><\/tbody><\/table><\/figure>\n\n<\/div>\n\n<div class=\"gb-container gb-container-7fc407a6\">\n<div class=\"gb-container gb-container-cf412a99\">\n<div class=\"gb-grid-wrapper gb-grid-wrapper-4f1a9961\">\n<div class=\"gb-grid-column gb-grid-column-c9e9a8ba\"><div class=\"gb-container gb-container-c9e9a8ba\">\n\n<h5 class=\"gb-headline gb-headline-c1e94c94 gb-headline-text\">\ud83d\udccc Unibet Klon Buchmacher<\/h5>\n\n\n\n<ul class=\"wp-block-list\">\n<li><strong><a href=\"https:\/\/azbookmakers.com\/de\/play\/mystake\" rel=\"nofollow\">Mystake<\/a><\/strong> &#8211; akzeptiert Spieler aus fast der ganzen Welt (dieselben Quoten wie Unibet)<\/li>\n<\/ul>\n\n<\/div><\/div>\n\n<div class=\"gb-grid-column gb-grid-column-e0232a19\"><div class=\"gb-container gb-container-e0232a19\">\n\n<h5 class=\"gb-headline gb-headline-43f0ee2a gb-headline-text\">\ud83d\udccc 1xbet Klone<\/h5>\n\n\n\n<ul class=\"wp-block-list\">\n<li><strong><a href=\"https:\/\/azbookmakers.com\/de\/play\/mystake\" rel=\"nofollow\">Mystake<\/a><\/strong> &#8211; \u00e4hnliche Wettoptionen wie <a href=\"https:\/\/azbookmakers.com\/de\/1xbet\">1xbet<\/a><\/li>\n\n\n\n<li><strong><a href=\"https:\/\/azbookmakers.com\/de\/play\/velobet\" rel=\"nofollow\">Velobet<\/a><\/strong> &#8211; akzeptiert dieselben L\u00e4nder wie 1xbet<\/li>\n<\/ul>\n\n<\/div><\/div>\n<\/div>\n<\/div>\n<\/div>\n\n<div class=\"gb-container gb-container-49061845\">\n<div class=\"gb-container gb-container-dfe8b11d\">\n<div class=\"gb-container gb-container-66d4743d\">\n<div class=\"gb-grid-wrapper gb-grid-wrapper-6a856ca6\">\n<div class=\"gb-grid-column gb-grid-column-a771ac8a\"><div class=\"gb-container gb-container-a771ac8a\">\n\n<h2 class=\"gb-headline gb-headline-7ba1b2ac gb-headline-text\">Bedeutung von Klon Buchmachern<\/h2>\n\n\n\n<p>Sie haben jetzt eine zweite Chance bei dem jeweiligen Anbieter, da viele <a href=\"https:\/\/azbookmakers.com\/de\/scharfe-und-weiche-buchmacher\/\">Soft-Buchmacher<\/a> ihre Klone online haben. Wichtig ist, dass die Klone die gleichen Quoten bieten, auch wenn sie anders aussehen und sogar andere Eigent\u00fcmer haben als die urspr\u00fcnglichen Buchmacher. Geklonte Sportwettenanbieter bieten m\u00f6glicherweise genau die gleichen Gratiswetten wie die echten.<\/p>\n\n\n\n<p>Alles in allem werden Sie, wenn Sie ernsthaft Arbitrage-Handel betreiben, zweifellos auf einige Herausforderungen sto\u00dfen, sei es aufgrund von Kontolimits oder einfach weil Ihr bevorzugter Buchmacher von Ihrem Standort aus nicht erreichbar ist. In solchen Situationen ist es wichtig, optimistisch zu sein, denn geklonte Buchmacher helfen Ihnen bei der L\u00f6sung Ihres Problems. Wir von AZbookmakers haben oben eine Tabelle mit einer vollst\u00e4ndigen und aktuellen Liste von Wettklonen zusammengestellt.<\/p>\n\n\n\n<h3 class=\"gb-headline gb-headline-8782b064 gb-headline-text\">Klon-Buchmacher sind eine gute Option f\u00fcr L\u00e4nder mit Gl\u00fccksspielbeschr\u00e4nkungen<\/h3>\n\n\n\n<p>Es kann vorkommen, dass Sportwettenanbieter mit einer g\u00fcltigen Lizenz in Ihrem Land ihren Standort kurzfristig verlagern. Sie k\u00f6nnen dann bei diesem Buchmacher keine Wetten mehr platzieren und m\u00fcssen sich nach anderen Anbietern mit vergleichbaren Quoten umsehen.<\/p>\n\n\n\n<p>Hier bieten sich Buchmacher-Klons an: Sie m\u00fcssen lediglich die entsprechende Website finden, sich registrieren und die angebotenen Quoten nutzen. Es ist au\u00dferdem wichtig zu <a href=\"https:\/\/azbookmakers.com\/de\/wie-man-geld-zwischen-buchmachern-uebertraegt\/\">wissen, wie Sie Ihr Geld von einem Buchmacher zu einem anderen transferieren<\/a>.<\/p>\n\n<\/div><\/div>\n\n<div class=\"gb-grid-column gb-grid-column-24ce7e0c\"><div class=\"gb-container gb-container-24ce7e0c\">\n\n<figure class=\"gb-block-image gb-block-image-5f3a20fd\"><img loading=\"lazy\" decoding=\"async\" width=\"375\" height=\"285\" class=\"gb-image gb-image-5f3a20fd\" src=\"https:\/\/azbookmakers.com\/de\/wp-content\/uploads\/sites\/2\/2024\/11\/Clone-bookmakers.svg\" alt=\"Buchmacher klonen\" title=\"Buchmacher klonen\"\/><\/figure>\n\n<\/div><\/div>\n<\/div>\n<\/div>\n<\/div>\n<\/div>\n<\/div><\/div>","protected":false},"excerpt":{"rendered":"<p>Bester Klon von Unibet Velobet \u00c4hnliche Quoten wie bei Bet365 Cloudbet<\/p>\n","protected":false},"author":1,"featured_media":0,"parent":0,"menu_order":0,"comment_status":"closed","ping_status":"closed","template":"","meta":{"footnotes":""},"class_list":["post-106","page","type-page","status-publish"],"yoast_head":"<!-- This site is optimized with the Yoast SEO plugin v26.7 - https:\/\/yoast.com\/wordpress\/plugins\/seo\/ -->\n<title>Klon-Buchmacher - Finden Sie Wettseiten mit \u00e4hnlichen Quoten und Boni<\/title>\n<meta name=\"description\" content=\"Suchen Sie nach Klon-Buchmachern? Wir haben die bekanntesten Klone von Bet365, Unibet, Cloudbet, Betonline und 1xbet aufgelistet.\" \/>\n<meta name=\"robots\" content=\"index, follow, max-snippet:-1, max-image-preview:large, max-video-preview:-1\" \/>\n<link rel=\"canonical\" href=\"https:\/\/azbookmakers.com\/de\/klon-buchmacher\/\" \/>\n<meta property=\"og:locale\" content=\"en_US\" \/>\n<meta property=\"og:type\" content=\"article\" \/>\n<meta property=\"og:title\" content=\"Klon-Buchmacher - Finden Sie Wettseiten mit \u00e4hnlichen Quoten und Boni\" \/>\n<meta property=\"og:description\" content=\"Suchen Sie nach Klon-Buchmachern? Wir haben die bekanntesten Klone von Bet365, Unibet, Cloudbet, Betonline und 1xbet aufgelistet.\" \/>\n<meta property=\"og:url\" content=\"https:\/\/azbookmakers.com\/de\/klon-buchmacher\/\" \/>\n<meta property=\"og:site_name\" content=\"Germany\" \/>\n<meta property=\"article:modified_time\" content=\"2025-04-17T11:47:35+00:00\" \/>\n<meta property=\"og:image\" content=\"https:\/\/azbookmakers.com\/de\/wp-content\/uploads\/sites\/2\/2024\/11\/Clone-bookmakers.svg\" \/>\n<meta name=\"twitter:card\" content=\"summary_large_image\" \/>\n<meta name=\"twitter:label1\" content=\"Est. reading time\" \/>\n\t<meta name=\"twitter:data1\" content=\"2 minutes\" \/>\n<script type=\"application\/ld+json\" class=\"yoast-schema-graph\">{\"@context\":\"https:\/\/schema.org\",\"@graph\":[{\"@type\":\"WebPage\",\"@id\":\"https:\/\/azbookmakers.com\/de\/klon-buchmacher\/\",\"url\":\"https:\/\/azbookmakers.com\/de\/klon-buchmacher\/\",\"name\":\"Klon-Buchmacher - Finden Sie Wettseiten mit \u00e4hnlichen Quoten und Boni\",\"isPartOf\":{\"@id\":\"https:\/\/azbookmakers.com\/de\/#website\"},\"primaryImageOfPage\":{\"@id\":\"https:\/\/azbookmakers.com\/de\/klon-buchmacher\/#primaryimage\"},\"image\":{\"@id\":\"https:\/\/azbookmakers.com\/de\/klon-buchmacher\/#primaryimage\"},\"thumbnailUrl\":\"https:\/\/azbookmakers.com\/de\/wp-content\/uploads\/sites\/2\/2024\/11\/Clone-bookmakers.svg\",\"datePublished\":\"2024-11-26T13:17:56+00:00\",\"dateModified\":\"2025-04-17T11:47:35+00:00\",\"description\":\"Suchen Sie nach Klon-Buchmachern? Wir haben die bekanntesten Klone von Bet365, Unibet, Cloudbet, Betonline und 1xbet aufgelistet.\",\"breadcrumb\":{\"@id\":\"https:\/\/azbookmakers.com\/de\/klon-buchmacher\/#breadcrumb\"},\"inLanguage\":\"en-US\",\"potentialAction\":[{\"@type\":\"ReadAction\",\"target\":[\"https:\/\/azbookmakers.com\/de\/klon-buchmacher\/\"]}]},{\"@type\":\"ImageObject\",\"inLanguage\":\"en-US\",\"@id\":\"https:\/\/azbookmakers.com\/de\/klon-buchmacher\/#primaryimage\",\"url\":\"https:\/\/azbookmakers.com\/de\/wp-content\/uploads\/sites\/2\/2024\/11\/Clone-bookmakers.svg\",\"contentUrl\":\"https:\/\/azbookmakers.com\/de\/wp-content\/uploads\/sites\/2\/2024\/11\/Clone-bookmakers.svg\",\"width\":375,\"height\":285,\"caption\":\"Clone bookmakers\"},{\"@type\":\"BreadcrumbList\",\"@id\":\"https:\/\/azbookmakers.com\/de\/klon-buchmacher\/#breadcrumb\",\"itemListElement\":[{\"@type\":\"ListItem\",\"position\":1,\"name\":\"AZbookmakers\",\"item\":\"https:\/\/azbookmakers.com\/de\/\"},{\"@type\":\"ListItem\",\"position\":2,\"name\":\"Buchmacher klonen\"}]},{\"@type\":\"WebSite\",\"@id\":\"https:\/\/azbookmakers.com\/de\/#website\",\"url\":\"https:\/\/azbookmakers.com\/de\/\",\"name\":\"Germany\",\"description\":\"AZbookmakers\",\"publisher\":{\"@id\":\"https:\/\/azbookmakers.com\/de\/#organization\"},\"potentialAction\":[{\"@type\":\"SearchAction\",\"target\":{\"@type\":\"EntryPoint\",\"urlTemplate\":\"https:\/\/azbookmakers.com\/de\/?s={search_term_string}\"},\"query-input\":{\"@type\":\"PropertyValueSpecification\",\"valueRequired\":true,\"valueName\":\"search_term_string\"}}],\"inLanguage\":\"en-US\"},{\"@type\":\"Organization\",\"@id\":\"https:\/\/azbookmakers.com\/de\/#organization\",\"name\":\"Germany\",\"url\":\"https:\/\/azbookmakers.com\/de\/\",\"logo\":{\"@type\":\"ImageObject\",\"inLanguage\":\"en-US\",\"@id\":\"https:\/\/azbookmakers.com\/de\/#\/schema\/logo\/image\/\",\"url\":\"https:\/\/azbookmakers.com\/de\/wp-content\/uploads\/sites\/2\/2024\/11\/azbookmakers.svg\",\"contentUrl\":\"https:\/\/azbookmakers.com\/de\/wp-content\/uploads\/sites\/2\/2024\/11\/azbookmakers.svg\",\"width\":184,\"height\":33,\"caption\":\"Germany\"},\"image\":{\"@id\":\"https:\/\/azbookmakers.com\/de\/#\/schema\/logo\/image\/\"}}]}<\/script>\n<!-- \/ Yoast SEO plugin. -->","yoast_head_json":{"title":"Klon-Buchmacher - Finden Sie Wettseiten mit \u00e4hnlichen Quoten und Boni","description":"Suchen Sie nach Klon-Buchmachern? Wir haben die bekanntesten Klone von Bet365, Unibet, Cloudbet, Betonline und 1xbet aufgelistet.","robots":{"index":"index","follow":"follow","max-snippet":"max-snippet:-1","max-image-preview":"max-image-preview:large","max-video-preview":"max-video-preview:-1"},"canonical":"https:\/\/azbookmakers.com\/de\/klon-buchmacher\/","og_locale":"en_US","og_type":"article","og_title":"Klon-Buchmacher - Finden Sie Wettseiten mit \u00e4hnlichen Quoten und Boni","og_description":"Suchen Sie nach Klon-Buchmachern? Wir haben die bekanntesten Klone von Bet365, Unibet, Cloudbet, Betonline und 1xbet aufgelistet.","og_url":"https:\/\/azbookmakers.com\/de\/klon-buchmacher\/","og_site_name":"Germany","article_modified_time":"2025-04-17T11:47:35+00:00","og_image":[{"url":"https:\/\/azbookmakers.com\/de\/wp-content\/uploads\/sites\/2\/2024\/11\/Clone-bookmakers.svg","type":"","width":"","height":""}],"twitter_card":"summary_large_image","twitter_misc":{"Est. reading time":"2 minutes"},"schema":{"@context":"https:\/\/schema.org","@graph":[{"@type":"WebPage","@id":"https:\/\/azbookmakers.com\/de\/klon-buchmacher\/","url":"https:\/\/azbookmakers.com\/de\/klon-buchmacher\/","name":"Klon-Buchmacher - Finden Sie Wettseiten mit \u00e4hnlichen Quoten und Boni","isPartOf":{"@id":"https:\/\/azbookmakers.com\/de\/#website"},"primaryImageOfPage":{"@id":"https:\/\/azbookmakers.com\/de\/klon-buchmacher\/#primaryimage"},"image":{"@id":"https:\/\/azbookmakers.com\/de\/klon-buchmacher\/#primaryimage"},"thumbnailUrl":"https:\/\/azbookmakers.com\/de\/wp-content\/uploads\/sites\/2\/2024\/11\/Clone-bookmakers.svg","datePublished":"2024-11-26T13:17:56+00:00","dateModified":"2025-04-17T11:47:35+00:00","description":"Suchen Sie nach Klon-Buchmachern? Wir haben die bekanntesten Klone von Bet365, Unibet, Cloudbet, Betonline und 1xbet aufgelistet.","breadcrumb":{"@id":"https:\/\/azbookmakers.com\/de\/klon-buchmacher\/#breadcrumb"},"inLanguage":"en-US","potentialAction":[{"@type":"ReadAction","target":["https:\/\/azbookmakers.com\/de\/klon-buchmacher\/"]}]},{"@type":"ImageObject","inLanguage":"en-US","@id":"https:\/\/azbookmakers.com\/de\/klon-buchmacher\/#primaryimage","url":"https:\/\/azbookmakers.com\/de\/wp-content\/uploads\/sites\/2\/2024\/11\/Clone-bookmakers.svg","contentUrl":"https:\/\/azbookmakers.com\/de\/wp-content\/uploads\/sites\/2\/2024\/11\/Clone-bookmakers.svg","width":375,"height":285,"caption":"Clone bookmakers"},{"@type":"BreadcrumbList","@id":"https:\/\/azbookmakers.com\/de\/klon-buchmacher\/#breadcrumb","itemListElement":[{"@type":"ListItem","position":1,"name":"AZbookmakers","item":"https:\/\/azbookmakers.com\/de\/"},{"@type":"ListItem","position":2,"name":"Buchmacher klonen"}]},{"@type":"WebSite","@id":"https:\/\/azbookmakers.com\/de\/#website","url":"https:\/\/azbookmakers.com\/de\/","name":"Germany","description":"AZbookmakers","publisher":{"@id":"https:\/\/azbookmakers.com\/de\/#organization"},"potentialAction":[{"@type":"SearchAction","target":{"@type":"EntryPoint","urlTemplate":"https:\/\/azbookmakers.com\/de\/?s={search_term_string}"},"query-input":{"@type":"PropertyValueSpecification","valueRequired":true,"valueName":"search_term_string"}}],"inLanguage":"en-US"},{"@type":"Organization","@id":"https:\/\/azbookmakers.com\/de\/#organization","name":"Germany","url":"https:\/\/azbookmakers.com\/de\/","logo":{"@type":"ImageObject","inLanguage":"en-US","@id":"https:\/\/azbookmakers.com\/de\/#\/schema\/logo\/image\/","url":"https:\/\/azbookmakers.com\/de\/wp-content\/uploads\/sites\/2\/2024\/11\/azbookmakers.svg","contentUrl":"https:\/\/azbookmakers.com\/de\/wp-content\/uploads\/sites\/2\/2024\/11\/azbookmakers.svg","width":184,"height":33,"caption":"Germany"},"image":{"@id":"https:\/\/azbookmakers.com\/de\/#\/schema\/logo\/image\/"}}]}},"_links":{"self":[{"href":"https:\/\/azbookmakers.com\/de\/wp-json\/wp\/v2\/pages\/106","targetHints":{"allow":["GET"]}}],"collection":[{"href":"https:\/\/azbookmakers.com\/de\/wp-json\/wp\/v2\/pages"}],"about":[{"href":"https:\/\/azbookmakers.com\/de\/wp-json\/wp\/v2\/types\/page"}],"author":[{"embeddable":true,"href":"https:\/\/azbookmakers.com\/de\/wp-json\/wp\/v2\/users\/1"}],"replies":[{"embeddable":true,"href":"https:\/\/azbookmakers.com\/de\/wp-json\/wp\/v2\/comments?post=106"}],"version-history":[{"count":34,"href":"https:\/\/azbookmakers.com\/de\/wp-json\/wp\/v2\/pages\/106\/revisions"}],"predecessor-version":[{"id":3270,"href":"https:\/\/azbookmakers.com\/de\/wp-json\/wp\/v2\/pages\/106\/revisions\/3270"}],"wp:attachment":[{"href":"https:\/\/azbookmakers.com\/de\/wp-json\/wp\/v2\/media?parent=106"}],"curies":[{"name":"wp","href":"https:\/\/api.w.org\/{rel}","templated":true}]}}