{"id":1383,"date":"2025-01-22T08:46:11","date_gmt":"2025-01-22T08:46:11","guid":{"rendered":"https:\/\/azbookmakers.com\/de\/?page_id=1383"},"modified":"2025-04-17T11:51:16","modified_gmt":"2025-04-17T11:51:16","slug":"freunde-werben-boni","status":"publish","type":"page","link":"https:\/\/azbookmakers.com\/de\/freunde-werben-boni\/","title":{"rendered":"Buchmacher mit Freunde-werben-Bonus"},"content":{"rendered":"<div class=\"gb-container gb-container-bcbc8aae alignfull\"><div class=\"gb-inside-container\">\n<div class=\"gb-grid-wrapper gb-grid-wrapper-e1907126\">\n<div class=\"gb-grid-column gb-grid-column-72ddd41a\"><div class=\"gb-container gb-container-72ddd41a\">\n\n<figure class=\"gb-block-image gb-block-image-136e4304\"><img loading=\"lazy\" decoding=\"async\" width=\"184\" height=\"33\" class=\"gb-image gb-image-136e4304\" src=\"https:\/\/azbookmakers.com\/de\/wp-content\/uploads\/sites\/2\/2024\/11\/azbookmakers.svg\" alt=\"AZbookmakers\" title=\"AZbookmakers\"\/><\/figure>\n\n<\/div><\/div>\n\n<div class=\"gb-grid-column gb-grid-column-d9354d18\"><div class=\"gb-container gb-container-d9354d18\">\n<span><span><a href=\"https:\/\/azbookmakers.com\/de\/\">AZbookmakers<\/a><\/span><\/span>\n\n\n\n<h1 class=\"gb-headline gb-headline-67b36986 gb-headline-text\">Buchmacher mit Freunde-werben-Bonus<\/h1>\n\n\n<div class=\"gb-container gb-container-000fb8af\">\n<div class=\"gb-grid-wrapper gb-grid-wrapper-dfb492a9\">\n<div class=\"gb-grid-column gb-grid-column-7232b480\"><div class=\"gb-container gb-container-7232b480\">\n<figure class=\"gb-block-image gb-block-image-a42520f7\"><img alt='' src='https:\/\/secure.gravatar.com\/avatar\/9b018c099c1d3d311de41245607c079c43a184dbd878419894a038ce3d5bff65?s=50&#038;d=mm&#038;r=g' srcset='https:\/\/secure.gravatar.com\/avatar\/9b018c099c1d3d311de41245607c079c43a184dbd878419894a038ce3d5bff65?s=100&#038;d=mm&#038;r=g 2x' class='avatar avatar-50 photo gb-image-a42520f7' height='50' width='50' \/><\/figure>\n<\/div><\/div>\n\n<div class=\"gb-grid-column gb-grid-column-d493fd35\"><div class=\"gb-container gb-container-d493fd35\">\n<div class=\"gb-container gb-container-c781a7ee\">\n\n<p style=\"font-size:15px;letter-spacing:0px\">Geschrieben von<\/p>\n\n\n<h5 class=\"gb-headline gb-headline-fff1859c gb-headline-text\"><a href=\"https:\/\/azbookmakers.com\/de\/author\/admin\/\">AZ team<\/a><\/h5>\n<\/div>\n\n<div class=\"gb-container gb-container-c157dc3b\">\n\n<p style=\"font-size:15px;letter-spacing:0px\">Zuletzt aktualisiert am<\/p>\n\n\n<h5 class=\"gb-headline gb-headline-09023a88 gb-headline-text\"><time class=\"entry-date updated-date\" datetime=\"2025-04-17T11:51:16+00:00\">April 17, 2025<\/time><\/h5>\n<\/div>\n<\/div><\/div>\n<\/div>\n<\/div>\n\n\n<p class=\"gb-headline gb-headline-7b3e6acd gb-headline-text\">Viele Online-Casinos und Buchmacher auf der ganzen Welt bieten &#8220;Freunde-werben&#8221;-Aktionen an, um die Anzahl aktiver Nutzer zu steigern. Im Wesentlichen funktioniert dies als Belohnungssystem, das bestehende Spieler dazu ermutigt, ihre Freunde einzuladen und so die Plattform bekannter zu machen.<\/p>\n\n<\/div><\/div>\n\n<div class=\"gb-grid-column gb-grid-column-31b9ee80\"><div class=\"gb-container gb-container-31b9ee80\">\n\n<p class=\"gb-headline gb-headline-8777f704 gb-headline-text\">Beste Freunde-werben-Bonus &#8211; BetOnline \ud83c\udfc0<\/p>\n\n\n<div class=\"gb-grid-wrapper gb-grid-wrapper-2da68e96\">\n<div class=\"gb-grid-column gb-grid-column-53a97759\"><div class=\"gb-container gb-container-53a97759\">\n<div class=\"gb-container gb-container-634f6a41\">\n\n<p class=\"gb-headline gb-headline-2a211c32 gb-headline-text\"><strong>50 % bis zu 100 $ f\u00fcr jeden geworbenen Freund<\/strong><\/p>\n\n<\/div>\n<\/div><\/div>\n\n<div class=\"gb-grid-column gb-grid-column-97c39034\"><div class=\"gb-container gb-container-97c39034\"><a class=\"gb-container-link\" href=\"https:\/\/azbookmakers.com\/de\/play\/betonline\" rel=\"nofollow\"><\/a>\n\n<p class=\"gb-headline gb-headline-5eefc06a gb-headline-text\">JETZT SPIELEN<\/p>\n\n<\/div><\/div>\n<\/div>\n\n\n<p class=\"gb-headline gb-headline-c4ad2d74 gb-headline-text\">Bester Krypto-Buchmacher<\/p>\n\n\n<div class=\"gb-grid-wrapper gb-grid-wrapper-abe36fe6\">\n<div class=\"gb-grid-column gb-grid-column-534ff646\"><div class=\"gb-container gb-container-534ff646\">\n<div class=\"gb-container gb-container-027b7bbb\">\n\n<p class=\"gb-headline gb-headline-e978bc9b gb-headline-text\"><strong>100% bis zu $500<\/strong><\/p>\n\n<\/div>\n<\/div><\/div>\n\n<div class=\"gb-grid-column gb-grid-column-546c1cbd\"><div class=\"gb-container gb-container-546c1cbd\"><a class=\"gb-container-link\" href=\"https:\/\/azbookmakers.com\/de\/play\/mystake\" rel=\"nofollow\"><\/a>\n\n<p class=\"gb-headline gb-headline-ddd84409 gb-headline-text\">JETZT SPIELEN<\/p>\n\n<\/div><\/div>\n<\/div>\n<\/div><\/div>\n<\/div>\n\n<div class=\"gb-container gb-container-88645f71\">\n\n<figure class=\"wp-block-table\"><table class=\"has-fixed-layout\"><tbody><tr><td class=\"has-text-align-center\" data-align=\"center\">Krypto-freundliche, vertrauensw\u00fcrdige Plattform<\/td><td class=\"has-text-align-center\" data-align=\"center\"><a href=\"https:\/\/azbookmakers.com\/de\/play\/betonline\">Betonline<\/a><\/td><\/tr><\/tbody><\/table><\/figure>\n\n<\/div>\n\n<div class=\"gb-container gb-container-b69477ac cu-numbered-div\">\n<div class=\"gb-grid-wrapper gb-grid-wrapper-5846b3b9\">\n<div class=\"gb-grid-column gb-grid-column-9956daf5\"><div class=\"gb-container gb-container-9956daf5\">\n<div class=\"gb-container gb-container-7d192928\">\n<div class=\"gb-container gb-container-40220640\">\n<div class=\"gb-container gb-container-36f8f32f\">\n\n<figure class=\"gb-block-image gb-block-image-4657b75d\"><img loading=\"lazy\" decoding=\"async\" width=\"640\" height=\"86\" class=\"gb-image gb-image-4657b75d\" src=\"https:\/\/azbookmakers.com\/de\/wp-content\/uploads\/sites\/2\/2024\/11\/Betonline-logo.svg\" alt=\"\" title=\"Betonline logo\"\/><\/figure>\n\n<\/div>\n\n<div class=\"gb-container gb-container-ed4cbc73\"><a class=\"gb-container-link\" href=\"https:\/\/azbookmakers.com\/de\/betonline\/\"><\/a>\n\n<p class=\"has-text-align-center has-base-3-color has-text-color has-link-color wp-elements-47f356fd4717c616e4707a661ba4f26c\" style=\"font-size:17px;font-style:normal;font-weight:500\">BETONLINE REZENSION<\/p>\n\n<\/div>\n<\/div>\n\n<div class=\"gb-container gb-container-783a9273\">\n\n<h3 class=\"gb-headline gb-headline-811a150d gb-headline-text\">Betonline \u2013 Bewertung 8.5\/10<\/h3>\n\n\n\n<p class=\"gb-headline gb-headline-19f0eb6a gb-headline-text\">\u26bd Akzeptiert Spieler aus vielen L\u00e4ndern<br>\ud83d\udc54 Eigent\u00fcmer: Imion Limited Casinos, Termas del Arapay Management S.A.<br>\ud83d\udcc5 Gegr\u00fcndet: 2004<br>\ud83c\udf0e GEOs: USA, Kanada, Australien<br>\ud83c\udfdb\ufe0f Lizenz: Panama<\/p>\n\n<\/div>\n<\/div>\n\n<div class=\"gb-container gb-container-8b9eff56\">\n<div class=\"gb-container gb-container-954a3287\">\n\n<h4 class=\"gb-headline gb-headline-51016bbc gb-headline-text\">Bankwesen<\/h4>\n\n\n\n<p class=\"gb-headline gb-headline-7a476e3f gb-headline-text\">Mindesteinzahlung: <strong>20$<\/strong><br>Maximale monatliche Auszahlung: <strong>Kein Limit<br><\/strong>Auszahlungszeit: <strong>Bis zu 24 Stunden<\/strong><\/p>\n\n<\/div>\n\n<div class=\"gb-container gb-container-a76350c0\">\n\n<h4 class=\"gb-headline gb-headline-f415e35b gb-headline-text\">Vorteile<\/h4>\n\n\n<div class=\"gb-container gb-container-0a7b795f\">\n\n<ul class=\"wp-block-list\">\n<li>Viele Kryptow\u00e4hrungen verf\u00fcgbar<\/li>\n\n\n\n<li>Live-Chat rund um die Uhr<\/li>\n\n\n\n<li>Mobile App<\/li>\n<\/ul>\n\n<\/div>\n<\/div>\n<\/div>\n<\/div><\/div>\n\n<div class=\"gb-grid-column gb-grid-column-8e12172e\"><div class=\"gb-container gb-container-8e12172e\">\n<div class=\"gb-container gb-container-8b694bf4\">\n<div class=\"gb-container gb-container-71ab0d3f\">\n\n<figure class=\"gb-block-image gb-block-image-3208dea0\"><img loading=\"lazy\" decoding=\"async\" width=\"511\" height=\"381\" class=\"gb-image gb-image-3208dea0\" src=\"https:\/\/azbookmakers.com\/de\/wp-content\/uploads\/sites\/2\/2024\/11\/50-welcome-bonus.png\" alt=\"50% Willkommensbonus\" title=\"50% Willkommensbonus\" srcset=\"https:\/\/azbookmakers.com\/de\/wp-content\/uploads\/sites\/2\/2024\/11\/50-welcome-bonus.png 511w, https:\/\/azbookmakers.com\/de\/wp-content\/uploads\/sites\/2\/2024\/11\/50-welcome-bonus-300x224.png 300w\" sizes=\"auto, (max-width: 511px) 100vw, 511px\" \/><\/figure>\n\n<\/div>\n\n\n<h4 class=\"gb-headline gb-headline-1a3faee9 gb-headline-text\">Sportbonus \ud83c\udfc0<\/h4>\n\n\n\n<p class=\"gb-headline gb-headline-98761216 gb-headline-text\"><em><strong>50% bis zu 250$<\/strong><\/em><\/p>\n\n\n\n<p class=\"gb-headline gb-headline-a66ffad9 gb-headline-text\">(Umsatzbedingungen: Keine Umsatzanforderungen)<\/p>\n\n\n\n<a class=\"gb-button gb-button-15dcdc81\" href=\"https:\/\/azbookmakers.com\/de\/play\/betonline\" rel=\"nofollow\"><span class=\"gb-icon\"><svg aria-hidden=\"true\" role=\"img\" height=\"1em\" width=\"1em\" viewBox=\"0 0 256 512\" xmlns=\"http:\/\/www.w3.org\/2000\/svg\"><path fill=\"currentColor\" d=\"M224.3 273l-136 136c-9.4 9.4-24.6 9.4-33.9 0l-22.6-22.6c-9.4-9.4-9.4-24.6 0-33.9l96.4-96.4-96.4-96.4c-9.4-9.4-9.4-24.6 0-33.9L54.3 103c9.4-9.4 24.6-9.4 33.9 0l136 136c9.5 9.4 9.5 24.6.1 34z\"><\/path><\/svg><\/span><span class=\"gb-button-text\">Spielen<\/span><\/a>\n\n<\/div>\n\n<div class=\"gb-container gb-container-ff6d21b2\">\n<div class=\"gb-container gb-container-4f08ea8c\">\n\n<figure class=\"gb-block-image gb-block-image-0893d9d1\"><img loading=\"lazy\" decoding=\"async\" width=\"383\" height=\"285\" class=\"gb-image gb-image-0893d9d1\" src=\"https:\/\/azbookmakers.com\/de\/wp-content\/uploads\/sites\/2\/2024\/11\/100-welcome-bonus.svg\" alt=\"100% Willkommensbonus\" title=\"100% Willkommensbonus\"\/><\/figure>\n\n<\/div>\n\n\n<h4 class=\"gb-headline gb-headline-b2a825be gb-headline-text\">Bonus Casino \ud83c\udfb0<\/h4>\n\n\n\n<p class=\"gb-headline gb-headline-b467156f gb-headline-text\"><em><strong>100% <em><strong>bis zu<\/strong><\/em> $1000<\/strong><\/em><\/p>\n\n\n\n<p class=\"gb-headline gb-headline-d022317f gb-headline-text\">(Umsatzbedingungen: Innerhalb von 30 Tagen abzuschlie\u00dfen)<\/p>\n\n\n\n<a class=\"gb-button gb-button-dec20963\" href=\"https:\/\/azbookmakers.com\/de\/play\/betonline\" rel=\"nofollow\"><span class=\"gb-icon\"><svg aria-hidden=\"true\" role=\"img\" height=\"1em\" width=\"1em\" viewBox=\"0 0 256 512\" xmlns=\"http:\/\/www.w3.org\/2000\/svg\"><path fill=\"currentColor\" d=\"M224.3 273l-136 136c-9.4 9.4-24.6 9.4-33.9 0l-22.6-22.6c-9.4-9.4-9.4-24.6 0-33.9l96.4-96.4-96.4-96.4c-9.4-9.4-9.4-24.6 0-33.9L54.3 103c9.4-9.4 24.6-9.4 33.9 0l136 136c9.5 9.4 9.5 24.6.1 34z\"><\/path><\/svg><\/span><span class=\"gb-button-text\">Spielen<\/span><\/a>\n\n<\/div>\n<\/div><\/div>\n<\/div>\n<\/div>\n\n<div class=\"gb-container gb-container-49061845\">\n<div class=\"gb-container gb-container-dfe8b11d\">\n<div class=\"gb-container gb-container-66d4743d\">\n<div class=\"gb-grid-wrapper gb-grid-wrapper-6a856ca6\">\n<div class=\"gb-grid-column gb-grid-column-a771ac8a\"><div class=\"gb-container gb-container-a771ac8a\">\n\n<h2 class=\"gb-headline gb-headline-7ba1b2ac gb-headline-text\">Wie werden Empfehlungsboni ausgezahlt<\/h2>\n\n\n\n<p>Empfehlungsboni f\u00fcr Wetten haben in der Regel unterschiedliche Bedingungen, weshalb es wichtig ist, die Details vor der Anmeldung genau zu lesen. Der bestehende Spieler erh\u00e4lt den Bonus nur, wenn der neu geworbene Nutzer eine echte Geldzahlung auf sein Konto vornimmt.<\/p>\n\n\n\n<p>Zus\u00e4tzlich unterliegt der Bonusbetrag oft Umsatzbedingungen, bevor er ausgezahlt werden kann. Es ist wichtig zu beachten, dass verschiedene Buchmacher jeweils eigene Bonusbedingungen haben k\u00f6nnen.<\/p>\n\n\n\n<p>Wenn du glaubst, dass du mit deinem eigenen Wett-Blog oder deinen Marketing-F\u00e4higkeiten eine gro\u00dfe Anzahl neuer Wettkunden anziehen kannst, solltest du in Betracht ziehen, als Affiliate beizutreten. In diesem Fall musst du m\u00f6glicherweise eine Website betreiben, aber die Provisionen, die du verdienst, sind tendenziell viel h\u00f6her. <a href=\"https:\/\/azbookmakers.com\/de\/trustdice\/boni\/\">TrustDice Casino<\/a> bietet diese Art von Provisionsplan an.<\/p>\n\n\n\n<h3 class=\"gb-headline gb-headline-14bab2ec gb-headline-text\">Einige n\u00fctzliche Tipps<\/h3>\n\n\n\n<p>Freunde-werben-Aktionen werden in der Wettbranche immer beliebter, und clevere Spieler k\u00f6nnen sie optimal nutzen. Zun\u00e4chst sollten Wettende sich auf Buchmacher und Casinos mit geringen Wettanforderungen konzentrieren.<\/p>\n\n\n\n<p>Das Spammen von Foren oder sozialen Medien ist definitiv keine effektive Methode, um dein Empfehlungsnetzwerk aufzubauen, da es zum Ausschluss aus dem Programm f\u00fchren kann. Stattdessen ist es ratsam, direkt auf Personen zuzugehen, die sich f\u00fcr Wetten interessieren, da sie mit h\u00f6herer Wahrscheinlichkeit ein Konto erstellen. Der Schl\u00fcssel ist, ehrlich zu deinen Freunden zu sein und stets vertrauensw\u00fcrdige und <a href=\"https:\/\/azbookmakers.com\/de\/sichere-buchmacher\/\">sichere Buchmacher<\/a> sowie Online-Casinos zu empfehlen.<\/p>\n\n<\/div><\/div>\n\n<div class=\"gb-grid-column gb-grid-column-24ce7e0c\"><div class=\"gb-container gb-container-24ce7e0c\">\n\n<figure class=\"gb-block-image gb-block-image-5f3a20fd\"><img decoding=\"async\" class=\"gb-image gb-image-5f3a20fd\" src=\"https:\/\/azbookmakers.com\/de\/wp-content\/uploads\/sites\/2\/2024\/12\/no-limits-bookmakers.svg\" alt=\"Buchmacher mit Freunde-werben-Bonus\" title=\"Buchmacher mit Freunde-werben-Bonus\"\/><\/figure>\n\n<\/div><\/div>\n<\/div>\n<\/div>\n<\/div>\n<\/div>\n<\/div><\/div>","protected":false},"excerpt":{"rendered":"<p>Krypto-freundliche, vertrauensw\u00fcrdige Plattform Betonline<\/p>\n","protected":false},"author":1,"featured_media":0,"parent":0,"menu_order":0,"comment_status":"closed","ping_status":"closed","template":"","meta":{"footnotes":""},"class_list":["post-1383","page","type-page","status-publish"],"yoast_head":"<!-- This site is optimized with the Yoast SEO plugin v26.7 - https:\/\/yoast.com\/wordpress\/plugins\/seo\/ -->\n<title>Beste Freunde-werben-Boni und Angebote 2026<\/title>\n<meta name=\"description\" content=\"Entdecken Sie die besten &quot;Freunde-werben&quot;-Boni von f\u00fchrenden Buchmachern. Erfahren Sie, wie diese Aktionen funktionieren, und finden Sie die besten Angebote, um Ihr Wetterlebnis zu verbessern.\" \/>\n<meta name=\"robots\" content=\"index, follow, max-snippet:-1, max-image-preview:large, max-video-preview:-1\" \/>\n<link rel=\"canonical\" href=\"https:\/\/azbookmakers.com\/de\/freunde-werben-boni\/\" \/>\n<meta property=\"og:locale\" content=\"en_US\" \/>\n<meta property=\"og:type\" content=\"article\" \/>\n<meta property=\"og:title\" content=\"Beste Freunde-werben-Boni und Angebote 2026\" \/>\n<meta property=\"og:description\" content=\"Entdecken Sie die besten &quot;Freunde-werben&quot;-Boni von f\u00fchrenden Buchmachern. Erfahren Sie, wie diese Aktionen funktionieren, und finden Sie die besten Angebote, um Ihr Wetterlebnis zu verbessern.\" \/>\n<meta property=\"og:url\" content=\"https:\/\/azbookmakers.com\/de\/freunde-werben-boni\/\" \/>\n<meta property=\"og:site_name\" content=\"Germany\" \/>\n<meta property=\"article:modified_time\" content=\"2025-04-17T11:51:16+00:00\" \/>\n<meta property=\"og:image\" content=\"https:\/\/azbookmakers.com\/de\/wp-content\/uploads\/sites\/2\/2024\/11\/azbookmakers.svg\" \/>\n<meta name=\"twitter:card\" content=\"summary_large_image\" \/>\n<meta name=\"twitter:label1\" content=\"Est. reading time\" \/>\n\t<meta name=\"twitter:data1\" content=\"3 minutes\" \/>\n<script type=\"application\/ld+json\" class=\"yoast-schema-graph\">{\"@context\":\"https:\/\/schema.org\",\"@graph\":[{\"@type\":\"WebPage\",\"@id\":\"https:\/\/azbookmakers.com\/de\/freunde-werben-boni\/\",\"url\":\"https:\/\/azbookmakers.com\/de\/freunde-werben-boni\/\",\"name\":\"Beste Freunde-werben-Boni und Angebote 2026\",\"isPartOf\":{\"@id\":\"https:\/\/azbookmakers.com\/de\/#website\"},\"primaryImageOfPage\":{\"@id\":\"https:\/\/azbookmakers.com\/de\/freunde-werben-boni\/#primaryimage\"},\"image\":{\"@id\":\"https:\/\/azbookmakers.com\/de\/freunde-werben-boni\/#primaryimage\"},\"thumbnailUrl\":\"https:\/\/azbookmakers.com\/de\/wp-content\/uploads\/sites\/2\/2024\/11\/azbookmakers.svg\",\"datePublished\":\"2025-01-22T08:46:11+00:00\",\"dateModified\":\"2025-04-17T11:51:16+00:00\",\"description\":\"Entdecken Sie die besten \\\"Freunde-werben\\\"-Boni von f\u00fchrenden Buchmachern. Erfahren Sie, wie diese Aktionen funktionieren, und finden Sie die besten Angebote, um Ihr Wetterlebnis zu verbessern.\",\"breadcrumb\":{\"@id\":\"https:\/\/azbookmakers.com\/de\/freunde-werben-boni\/#breadcrumb\"},\"inLanguage\":\"en-US\",\"potentialAction\":[{\"@type\":\"ReadAction\",\"target\":[\"https:\/\/azbookmakers.com\/de\/freunde-werben-boni\/\"]}]},{\"@type\":\"ImageObject\",\"inLanguage\":\"en-US\",\"@id\":\"https:\/\/azbookmakers.com\/de\/freunde-werben-boni\/#primaryimage\",\"url\":\"https:\/\/azbookmakers.com\/de\/wp-content\/uploads\/sites\/2\/2024\/11\/azbookmakers.svg\",\"contentUrl\":\"https:\/\/azbookmakers.com\/de\/wp-content\/uploads\/sites\/2\/2024\/11\/azbookmakers.svg\",\"width\":184,\"height\":33,\"caption\":\"AZbookmakers\"},{\"@type\":\"BreadcrumbList\",\"@id\":\"https:\/\/azbookmakers.com\/de\/freunde-werben-boni\/#breadcrumb\",\"itemListElement\":[{\"@type\":\"ListItem\",\"position\":1,\"name\":\"AZbookmakers\",\"item\":\"https:\/\/azbookmakers.com\/de\/\"},{\"@type\":\"ListItem\",\"position\":2,\"name\":\"Buchmacher mit Freunde-werben-Bonus\"}]},{\"@type\":\"WebSite\",\"@id\":\"https:\/\/azbookmakers.com\/de\/#website\",\"url\":\"https:\/\/azbookmakers.com\/de\/\",\"name\":\"Germany\",\"description\":\"AZbookmakers\",\"publisher\":{\"@id\":\"https:\/\/azbookmakers.com\/de\/#organization\"},\"potentialAction\":[{\"@type\":\"SearchAction\",\"target\":{\"@type\":\"EntryPoint\",\"urlTemplate\":\"https:\/\/azbookmakers.com\/de\/?s={search_term_string}\"},\"query-input\":{\"@type\":\"PropertyValueSpecification\",\"valueRequired\":true,\"valueName\":\"search_term_string\"}}],\"inLanguage\":\"en-US\"},{\"@type\":\"Organization\",\"@id\":\"https:\/\/azbookmakers.com\/de\/#organization\",\"name\":\"Germany\",\"url\":\"https:\/\/azbookmakers.com\/de\/\",\"logo\":{\"@type\":\"ImageObject\",\"inLanguage\":\"en-US\",\"@id\":\"https:\/\/azbookmakers.com\/de\/#\/schema\/logo\/image\/\",\"url\":\"https:\/\/azbookmakers.com\/de\/wp-content\/uploads\/sites\/2\/2024\/11\/azbookmakers.svg\",\"contentUrl\":\"https:\/\/azbookmakers.com\/de\/wp-content\/uploads\/sites\/2\/2024\/11\/azbookmakers.svg\",\"width\":184,\"height\":33,\"caption\":\"Germany\"},\"image\":{\"@id\":\"https:\/\/azbookmakers.com\/de\/#\/schema\/logo\/image\/\"}}]}<\/script>\n<!-- \/ Yoast SEO plugin. -->","yoast_head_json":{"title":"Beste Freunde-werben-Boni und Angebote 2026","description":"Entdecken Sie die besten \"Freunde-werben\"-Boni von f\u00fchrenden Buchmachern. Erfahren Sie, wie diese Aktionen funktionieren, und finden Sie die besten Angebote, um Ihr Wetterlebnis zu verbessern.","robots":{"index":"index","follow":"follow","max-snippet":"max-snippet:-1","max-image-preview":"max-image-preview:large","max-video-preview":"max-video-preview:-1"},"canonical":"https:\/\/azbookmakers.com\/de\/freunde-werben-boni\/","og_locale":"en_US","og_type":"article","og_title":"Beste Freunde-werben-Boni und Angebote 2026","og_description":"Entdecken Sie die besten \"Freunde-werben\"-Boni von f\u00fchrenden Buchmachern. Erfahren Sie, wie diese Aktionen funktionieren, und finden Sie die besten Angebote, um Ihr Wetterlebnis zu verbessern.","og_url":"https:\/\/azbookmakers.com\/de\/freunde-werben-boni\/","og_site_name":"Germany","article_modified_time":"2025-04-17T11:51:16+00:00","og_image":[{"url":"https:\/\/azbookmakers.com\/de\/wp-content\/uploads\/sites\/2\/2024\/11\/azbookmakers.svg","type":"","width":"","height":""}],"twitter_card":"summary_large_image","twitter_misc":{"Est. reading time":"3 minutes"},"schema":{"@context":"https:\/\/schema.org","@graph":[{"@type":"WebPage","@id":"https:\/\/azbookmakers.com\/de\/freunde-werben-boni\/","url":"https:\/\/azbookmakers.com\/de\/freunde-werben-boni\/","name":"Beste Freunde-werben-Boni und Angebote 2026","isPartOf":{"@id":"https:\/\/azbookmakers.com\/de\/#website"},"primaryImageOfPage":{"@id":"https:\/\/azbookmakers.com\/de\/freunde-werben-boni\/#primaryimage"},"image":{"@id":"https:\/\/azbookmakers.com\/de\/freunde-werben-boni\/#primaryimage"},"thumbnailUrl":"https:\/\/azbookmakers.com\/de\/wp-content\/uploads\/sites\/2\/2024\/11\/azbookmakers.svg","datePublished":"2025-01-22T08:46:11+00:00","dateModified":"2025-04-17T11:51:16+00:00","description":"Entdecken Sie die besten \"Freunde-werben\"-Boni von f\u00fchrenden Buchmachern. Erfahren Sie, wie diese Aktionen funktionieren, und finden Sie die besten Angebote, um Ihr Wetterlebnis zu verbessern.","breadcrumb":{"@id":"https:\/\/azbookmakers.com\/de\/freunde-werben-boni\/#breadcrumb"},"inLanguage":"en-US","potentialAction":[{"@type":"ReadAction","target":["https:\/\/azbookmakers.com\/de\/freunde-werben-boni\/"]}]},{"@type":"ImageObject","inLanguage":"en-US","@id":"https:\/\/azbookmakers.com\/de\/freunde-werben-boni\/#primaryimage","url":"https:\/\/azbookmakers.com\/de\/wp-content\/uploads\/sites\/2\/2024\/11\/azbookmakers.svg","contentUrl":"https:\/\/azbookmakers.com\/de\/wp-content\/uploads\/sites\/2\/2024\/11\/azbookmakers.svg","width":184,"height":33,"caption":"AZbookmakers"},{"@type":"BreadcrumbList","@id":"https:\/\/azbookmakers.com\/de\/freunde-werben-boni\/#breadcrumb","itemListElement":[{"@type":"ListItem","position":1,"name":"AZbookmakers","item":"https:\/\/azbookmakers.com\/de\/"},{"@type":"ListItem","position":2,"name":"Buchmacher mit Freunde-werben-Bonus"}]},{"@type":"WebSite","@id":"https:\/\/azbookmakers.com\/de\/#website","url":"https:\/\/azbookmakers.com\/de\/","name":"Germany","description":"AZbookmakers","publisher":{"@id":"https:\/\/azbookmakers.com\/de\/#organization"},"potentialAction":[{"@type":"SearchAction","target":{"@type":"EntryPoint","urlTemplate":"https:\/\/azbookmakers.com\/de\/?s={search_term_string}"},"query-input":{"@type":"PropertyValueSpecification","valueRequired":true,"valueName":"search_term_string"}}],"inLanguage":"en-US"},{"@type":"Organization","@id":"https:\/\/azbookmakers.com\/de\/#organization","name":"Germany","url":"https:\/\/azbookmakers.com\/de\/","logo":{"@type":"ImageObject","inLanguage":"en-US","@id":"https:\/\/azbookmakers.com\/de\/#\/schema\/logo\/image\/","url":"https:\/\/azbookmakers.com\/de\/wp-content\/uploads\/sites\/2\/2024\/11\/azbookmakers.svg","contentUrl":"https:\/\/azbookmakers.com\/de\/wp-content\/uploads\/sites\/2\/2024\/11\/azbookmakers.svg","width":184,"height":33,"caption":"Germany"},"image":{"@id":"https:\/\/azbookmakers.com\/de\/#\/schema\/logo\/image\/"}}]}},"_links":{"self":[{"href":"https:\/\/azbookmakers.com\/de\/wp-json\/wp\/v2\/pages\/1383","targetHints":{"allow":["GET"]}}],"collection":[{"href":"https:\/\/azbookmakers.com\/de\/wp-json\/wp\/v2\/pages"}],"about":[{"href":"https:\/\/azbookmakers.com\/de\/wp-json\/wp\/v2\/types\/page"}],"author":[{"embeddable":true,"href":"https:\/\/azbookmakers.com\/de\/wp-json\/wp\/v2\/users\/1"}],"replies":[{"embeddable":true,"href":"https:\/\/azbookmakers.com\/de\/wp-json\/wp\/v2\/comments?post=1383"}],"version-history":[{"count":7,"href":"https:\/\/azbookmakers.com\/de\/wp-json\/wp\/v2\/pages\/1383\/revisions"}],"predecessor-version":[{"id":3277,"href":"https:\/\/azbookmakers.com\/de\/wp-json\/wp\/v2\/pages\/1383\/revisions\/3277"}],"wp:attachment":[{"href":"https:\/\/azbookmakers.com\/de\/wp-json\/wp\/v2\/media?parent=1383"}],"curies":[{"name":"wp","href":"https:\/\/api.w.org\/{rel}","templated":true}]}}