{"id":2218,"date":"2025-02-03T10:27:20","date_gmt":"2025-02-03T10:27:20","guid":{"rendered":"https:\/\/azbookmakers.com\/de\/?page_id=2218"},"modified":"2025-03-18T09:06:00","modified_gmt":"2025-03-18T09:06:00","slug":"kontakt-uns","status":"publish","type":"page","link":"https:\/\/azbookmakers.com\/de\/kontakt-uns\/","title":{"rendered":"Kontaktieren Sie uns"},"content":{"rendered":"<div class=\"gb-container gb-container-0c385385\">\n\n<p>Wenn Sie Fragen haben, weitere Informationen ben\u00f6tigen oder mit uns zusammenarbeiten m\u00f6chten, k\u00f6nnen Sie dies \u00fcber folgende Kan\u00e4le tun:<\/p>\n\n\n\n<ul class=\"wp-block-list\">\n<li><strong>Allgemeine Anfragen per E-Mail:<\/strong> [admin@azbookmakers.com]<\/li>\n\n\n\n<li><strong>E-Mail f\u00fcr Affiliate-Anfragen:<\/strong> [affiliates@azbookmakers.com]<\/li>\n\n\n\n<li><strong>Kontaktformular<\/strong>: F\u00fcllen Sie das untenstehende Formular aus und wir werden uns so schnell wie m\u00f6glich bei Ihnen melden.<\/li>\n<\/ul>\n\n\n\n<p>Wir helfen Ihnen gerne weiter!<\/p>\n\n<\/div>\n\n<div class=\"gb-container gb-container-e87be410\">\n<div class=\"forminator-ui forminator-custom-form forminator-custom-form-2219 forminator-design--default  forminator_ajax\" data-forminator-render=\"0\" data-form=\"forminator-module-2219\" data-uid=\"6a072e7a26259\"><br\/><\/div><form\n\t\t\t\tid=\"forminator-module-2219\"\n\t\t\t\tclass=\"forminator-ui forminator-custom-form forminator-custom-form-2219 forminator-design--default  forminator_ajax\"\n\t\t\t\tmethod=\"post\"\n\t\t\t\tdata-forminator-render=\"0\"\n\t\t\t\tdata-form-id=\"2219\"\n\t\t\t\t data-color-option=\"theme\" data-design=\"default\" data-grid=\"open\" style=\"display: none;\"\n\t\t\t\tdata-uid=\"6a072e7a26259\"\n\t\t\t><div role=\"alert\" aria-live=\"polite\" class=\"forminator-response-message forminator-error\" aria-hidden=\"true\"><\/div><div class=\"forminator-row\"><div id=\"name-1\" class=\"forminator-field-name forminator-col forminator-col-12 \"><div class=\"forminator-field\"><label for=\"forminator-field-name-1_6a072e7a26259\" id=\"forminator-field-name-1_6a072e7a26259-label\" class=\"forminator-label\">First Name <span class=\"forminator-required\">*<\/span><\/label><input type=\"text\" name=\"name-1\" value=\"\" placeholder=\"E.g. John\" id=\"forminator-field-name-1_6a072e7a26259\" class=\"forminator-input forminator-name--field\" aria-required=\"true\" autocomplete=\"name\" \/><\/div><\/div><\/div><div class=\"forminator-row\"><div id=\"email-1\" class=\"forminator-field-email forminator-col forminator-col-12 \"><div class=\"forminator-field\"><label for=\"forminator-field-email-1_6a072e7a26259\" id=\"forminator-field-email-1_6a072e7a26259-label\" class=\"forminator-label\">Email Address <span class=\"forminator-required\">*<\/span><\/label><input type=\"email\" name=\"email-1\" value=\"\" placeholder=\"E.g. john@doe.com\" id=\"forminator-field-email-1_6a072e7a26259\" class=\"forminator-input forminator-email--field\" data-required=\"true\" aria-required=\"true\" autocomplete=\"email\" \/><\/div><\/div><\/div><div class=\"forminator-row\"><div id=\"phone-1\" class=\"forminator-field-phone forminator-col forminator-col-12 \"><div class=\"forminator-field\"><label for=\"forminator-field-phone-1_6a072e7a26259\" id=\"forminator-field-phone-1_6a072e7a26259-label\" class=\"forminator-label\">Phone Number<\/label><input type=\"text\" name=\"phone-1\" value=\"\" placeholder=\"E.g. +1 3004005000\" id=\"forminator-field-phone-1_6a072e7a26259\" class=\"forminator-input forminator-field--phone\" data-required=\"\" aria-required=\"false\" autocomplete=\"off\" \/><\/div><\/div><\/div><div class=\"forminator-row\"><div id=\"textarea-1\" class=\"forminator-field-textarea forminator-col forminator-col-12 \"><div class=\"forminator-field\"><label for=\"forminator-field-textarea-1_6a072e7a26259\" id=\"forminator-field-textarea-1_6a072e7a26259-label\" class=\"forminator-label\">Message<\/label><textarea name=\"textarea-1\" placeholder=\"Enter your message...\" id=\"forminator-field-textarea-1_6a072e7a26259\" class=\"forminator-textarea\" rows=\"6\" style=\"min-height:140px;\" maxlength=\"180\" ><\/textarea><span id=\"forminator-field-textarea-1_6a072e7a26259-description\" class=\"forminator-description\"><span data-limit=\"180\" data-type=\"characters\" data-editor=\"\">0 \/ 180<\/span><\/span><\/div><\/div><\/div><input type=\"hidden\" name=\"referer_url\" value=\"\" \/><div class=\"forminator-row forminator-row-last\"><div class=\"forminator-col\"><div class=\"forminator-field\"><button class=\"forminator-button forminator-button-submit\">Send Message<\/button><\/div><\/div><\/div><input type=\"hidden\" id=\"forminator_nonce\" name=\"forminator_nonce\" value=\"a51f300a4b\" \/><input type=\"hidden\" name=\"_wp_http_referer\" value=\"\/de\/wp-json\/wp\/v2\/pages\/2218\" \/><input type=\"hidden\" name=\"form_id\" value=\"2219\"><input type=\"hidden\" name=\"page_id\" value=\"2218\"><input type=\"hidden\" name=\"form_type\" value=\"default\"><input type=\"hidden\" name=\"current_url\" value=\"https:\/\/azbookmakers.com\/de\/kontakt-uns\/\"><input type=\"hidden\" name=\"render_id\" value=\"0\"><input type=\"hidden\" name=\"action\" value=\"forminator_submit_form_custom-forms\"><label for=\"input_5\" class=\"forminator-hidden\" aria-hidden=\"true\">Please do not fill in this field. <input id=\"input_5\" type=\"text\" name=\"input_5\" value=\"\" autocomplete=\"off\"><\/label><\/form>\n\n<\/div>","protected":false},"excerpt":{"rendered":"<p>Wenn Sie Fragen haben, weitere Informationen ben\u00f6tigen oder mit uns zusammenarbeiten m\u00f6chten, k\u00f6nnen Sie dies \u00fcber folgende Kan\u00e4le tun: Wir helfen Ihnen gerne weiter!<\/p>\n","protected":false},"author":1,"featured_media":0,"parent":0,"menu_order":0,"comment_status":"closed","ping_status":"closed","template":"","meta":{"footnotes":""},"class_list":["post-2218","page","type-page","status-publish"],"yoast_head":"<!-- This site is optimized with the Yoast SEO plugin v26.7 - https:\/\/yoast.com\/wordpress\/plugins\/seo\/ -->\n<title>Kontaktieren Sie uns - Kontaktieren Sie das Team von azbookmakers.com\/de<\/title>\n<meta name=\"description\" content=\"Sie haben Fragen, Anregungen oder ben\u00f6tigen Informationen? Senden Sie uns eine Anfrage und unser Team wird sich schnellstm\u00f6glich bei Ihnen melden.\" \/>\n<meta name=\"robots\" content=\"index, follow, max-snippet:-1, max-image-preview:large, max-video-preview:-1\" \/>\n<link rel=\"canonical\" href=\"https:\/\/azbookmakers.com\/de\/kontakt-uns\/\" \/>\n<meta property=\"og:locale\" content=\"en_US\" \/>\n<meta property=\"og:type\" content=\"article\" \/>\n<meta property=\"og:title\" content=\"Kontaktieren Sie uns - Kontaktieren Sie das Team von azbookmakers.com\/de\" \/>\n<meta property=\"og:description\" content=\"Sie haben Fragen, Anregungen oder ben\u00f6tigen Informationen? Senden Sie uns eine Anfrage und unser Team wird sich schnellstm\u00f6glich bei Ihnen melden.\" \/>\n<meta property=\"og:url\" content=\"https:\/\/azbookmakers.com\/de\/kontakt-uns\/\" \/>\n<meta property=\"og:site_name\" content=\"Germany\" \/>\n<meta property=\"article:modified_time\" content=\"2025-03-18T09:06:00+00:00\" \/>\n<meta name=\"twitter:card\" content=\"summary_large_image\" \/>\n<meta name=\"twitter:label1\" content=\"Est. reading time\" \/>\n\t<meta name=\"twitter:data1\" content=\"1 minute\" \/>\n<script type=\"application\/ld+json\" class=\"yoast-schema-graph\">{\"@context\":\"https:\/\/schema.org\",\"@graph\":[{\"@type\":[\"WebPage\",\"ContactPage\"],\"@id\":\"https:\/\/azbookmakers.com\/de\/kontakt-uns\/\",\"url\":\"https:\/\/azbookmakers.com\/de\/kontakt-uns\/\",\"name\":\"Kontaktieren Sie uns - Kontaktieren Sie das Team von azbookmakers.com\/de\",\"isPartOf\":{\"@id\":\"https:\/\/azbookmakers.com\/de\/#website\"},\"datePublished\":\"2025-02-03T10:27:20+00:00\",\"dateModified\":\"2025-03-18T09:06:00+00:00\",\"description\":\"Sie haben Fragen, Anregungen oder ben\u00f6tigen Informationen? Senden Sie uns eine Anfrage und unser Team wird sich schnellstm\u00f6glich bei Ihnen melden.\",\"breadcrumb\":{\"@id\":\"https:\/\/azbookmakers.com\/de\/kontakt-uns\/#breadcrumb\"},\"inLanguage\":\"en-US\",\"potentialAction\":[{\"@type\":\"ReadAction\",\"target\":[\"https:\/\/azbookmakers.com\/de\/kontakt-uns\/\"]}]},{\"@type\":\"BreadcrumbList\",\"@id\":\"https:\/\/azbookmakers.com\/de\/kontakt-uns\/#breadcrumb\",\"itemListElement\":[{\"@type\":\"ListItem\",\"position\":1,\"name\":\"AZbookmakers\",\"item\":\"https:\/\/azbookmakers.com\/de\/\"},{\"@type\":\"ListItem\",\"position\":2,\"name\":\"Kontaktieren Sie uns\"}]},{\"@type\":\"WebSite\",\"@id\":\"https:\/\/azbookmakers.com\/de\/#website\",\"url\":\"https:\/\/azbookmakers.com\/de\/\",\"name\":\"Germany\",\"description\":\"AZbookmakers\",\"publisher\":{\"@id\":\"https:\/\/azbookmakers.com\/de\/#organization\"},\"potentialAction\":[{\"@type\":\"SearchAction\",\"target\":{\"@type\":\"EntryPoint\",\"urlTemplate\":\"https:\/\/azbookmakers.com\/de\/?s={search_term_string}\"},\"query-input\":{\"@type\":\"PropertyValueSpecification\",\"valueRequired\":true,\"valueName\":\"search_term_string\"}}],\"inLanguage\":\"en-US\"},{\"@type\":\"Organization\",\"@id\":\"https:\/\/azbookmakers.com\/de\/#organization\",\"name\":\"Germany\",\"url\":\"https:\/\/azbookmakers.com\/de\/\",\"logo\":{\"@type\":\"ImageObject\",\"inLanguage\":\"en-US\",\"@id\":\"https:\/\/azbookmakers.com\/de\/#\/schema\/logo\/image\/\",\"url\":\"https:\/\/azbookmakers.com\/de\/wp-content\/uploads\/sites\/2\/2024\/11\/azbookmakers.svg\",\"contentUrl\":\"https:\/\/azbookmakers.com\/de\/wp-content\/uploads\/sites\/2\/2024\/11\/azbookmakers.svg\",\"width\":184,\"height\":33,\"caption\":\"Germany\"},\"image\":{\"@id\":\"https:\/\/azbookmakers.com\/de\/#\/schema\/logo\/image\/\"}}]}<\/script>\n<!-- \/ Yoast SEO plugin. -->","yoast_head_json":{"title":"Kontaktieren Sie uns - Kontaktieren Sie das Team von azbookmakers.com\/de","description":"Sie haben Fragen, Anregungen oder ben\u00f6tigen Informationen? Senden Sie uns eine Anfrage und unser Team wird sich schnellstm\u00f6glich bei Ihnen melden.","robots":{"index":"index","follow":"follow","max-snippet":"max-snippet:-1","max-image-preview":"max-image-preview:large","max-video-preview":"max-video-preview:-1"},"canonical":"https:\/\/azbookmakers.com\/de\/kontakt-uns\/","og_locale":"en_US","og_type":"article","og_title":"Kontaktieren Sie uns - Kontaktieren Sie das Team von azbookmakers.com\/de","og_description":"Sie haben Fragen, Anregungen oder ben\u00f6tigen Informationen? Senden Sie uns eine Anfrage und unser Team wird sich schnellstm\u00f6glich bei Ihnen melden.","og_url":"https:\/\/azbookmakers.com\/de\/kontakt-uns\/","og_site_name":"Germany","article_modified_time":"2025-03-18T09:06:00+00:00","twitter_card":"summary_large_image","twitter_misc":{"Est. reading time":"1 minute"},"schema":{"@context":"https:\/\/schema.org","@graph":[{"@type":["WebPage","ContactPage"],"@id":"https:\/\/azbookmakers.com\/de\/kontakt-uns\/","url":"https:\/\/azbookmakers.com\/de\/kontakt-uns\/","name":"Kontaktieren Sie uns - Kontaktieren Sie das Team von azbookmakers.com\/de","isPartOf":{"@id":"https:\/\/azbookmakers.com\/de\/#website"},"datePublished":"2025-02-03T10:27:20+00:00","dateModified":"2025-03-18T09:06:00+00:00","description":"Sie haben Fragen, Anregungen oder ben\u00f6tigen Informationen? Senden Sie uns eine Anfrage und unser Team wird sich schnellstm\u00f6glich bei Ihnen melden.","breadcrumb":{"@id":"https:\/\/azbookmakers.com\/de\/kontakt-uns\/#breadcrumb"},"inLanguage":"en-US","potentialAction":[{"@type":"ReadAction","target":["https:\/\/azbookmakers.com\/de\/kontakt-uns\/"]}]},{"@type":"BreadcrumbList","@id":"https:\/\/azbookmakers.com\/de\/kontakt-uns\/#breadcrumb","itemListElement":[{"@type":"ListItem","position":1,"name":"AZbookmakers","item":"https:\/\/azbookmakers.com\/de\/"},{"@type":"ListItem","position":2,"name":"Kontaktieren Sie uns"}]},{"@type":"WebSite","@id":"https:\/\/azbookmakers.com\/de\/#website","url":"https:\/\/azbookmakers.com\/de\/","name":"Germany","description":"AZbookmakers","publisher":{"@id":"https:\/\/azbookmakers.com\/de\/#organization"},"potentialAction":[{"@type":"SearchAction","target":{"@type":"EntryPoint","urlTemplate":"https:\/\/azbookmakers.com\/de\/?s={search_term_string}"},"query-input":{"@type":"PropertyValueSpecification","valueRequired":true,"valueName":"search_term_string"}}],"inLanguage":"en-US"},{"@type":"Organization","@id":"https:\/\/azbookmakers.com\/de\/#organization","name":"Germany","url":"https:\/\/azbookmakers.com\/de\/","logo":{"@type":"ImageObject","inLanguage":"en-US","@id":"https:\/\/azbookmakers.com\/de\/#\/schema\/logo\/image\/","url":"https:\/\/azbookmakers.com\/de\/wp-content\/uploads\/sites\/2\/2024\/11\/azbookmakers.svg","contentUrl":"https:\/\/azbookmakers.com\/de\/wp-content\/uploads\/sites\/2\/2024\/11\/azbookmakers.svg","width":184,"height":33,"caption":"Germany"},"image":{"@id":"https:\/\/azbookmakers.com\/de\/#\/schema\/logo\/image\/"}}]}},"_links":{"self":[{"href":"https:\/\/azbookmakers.com\/de\/wp-json\/wp\/v2\/pages\/2218","targetHints":{"allow":["GET"]}}],"collection":[{"href":"https:\/\/azbookmakers.com\/de\/wp-json\/wp\/v2\/pages"}],"about":[{"href":"https:\/\/azbookmakers.com\/de\/wp-json\/wp\/v2\/types\/page"}],"author":[{"embeddable":true,"href":"https:\/\/azbookmakers.com\/de\/wp-json\/wp\/v2\/users\/1"}],"replies":[{"embeddable":true,"href":"https:\/\/azbookmakers.com\/de\/wp-json\/wp\/v2\/comments?post=2218"}],"version-history":[{"count":8,"href":"https:\/\/azbookmakers.com\/de\/wp-json\/wp\/v2\/pages\/2218\/revisions"}],"predecessor-version":[{"id":3043,"href":"https:\/\/azbookmakers.com\/de\/wp-json\/wp\/v2\/pages\/2218\/revisions\/3043"}],"wp:attachment":[{"href":"https:\/\/azbookmakers.com\/de\/wp-json\/wp\/v2\/media?parent=2218"}],"curies":[{"name":"wp","href":"https:\/\/api.w.org\/{rel}","templated":true}]}}