{"id":529,"date":"2024-12-02T09:05:52","date_gmt":"2024-12-02T09:05:52","guid":{"rendered":"https:\/\/azbookmakers.com\/de\/?page_id=529"},"modified":"2025-04-17T11:39:10","modified_gmt":"2025-04-17T11:39:10","slug":"bitcoin-buchmacher","status":"publish","type":"page","link":"https:\/\/azbookmakers.com\/de\/bitcoin-buchmacher\/","title":{"rendered":"Bitcoin Buchmacher"},"content":{"rendered":"<div class=\"gb-container gb-container-bcbc8aae alignfull\"><div class=\"gb-inside-container\">\n<div class=\"gb-grid-wrapper gb-grid-wrapper-e1907126\">\n<div class=\"gb-grid-column gb-grid-column-72ddd41a\"><div class=\"gb-container gb-container-72ddd41a\">\n\n<figure class=\"gb-block-image gb-block-image-136e4304\"><img decoding=\"async\" class=\"gb-image gb-image-136e4304\" src=\"https:\/\/azbookmakers.com\/de\/wp-content\/uploads\/sites\/2\/2024\/12\/bitcoin-bookmakers.svg\" alt=\"Bitcoin-Buchmacher\" title=\"Bitcoin-Buchmacher\"\/><\/figure>\n\n<\/div><\/div>\n\n<div class=\"gb-grid-column gb-grid-column-d9354d18\"><div class=\"gb-container gb-container-d9354d18\">\n<span><span><a href=\"https:\/\/azbookmakers.com\/de\/\">AZbookmakers<\/a><\/span><\/span>\n\n\n\n<h1 class=\"gb-headline gb-headline-67b36986 gb-headline-text\">Bitcoin Buchmacher<\/h1>\n\n\n<div class=\"gb-container gb-container-000fb8af\">\n<div class=\"gb-grid-wrapper gb-grid-wrapper-dfb492a9\">\n<div class=\"gb-grid-column gb-grid-column-7232b480\"><div class=\"gb-container gb-container-7232b480\">\n<figure class=\"gb-block-image gb-block-image-a42520f7\"><img alt='' src='https:\/\/secure.gravatar.com\/avatar\/9b018c099c1d3d311de41245607c079c43a184dbd878419894a038ce3d5bff65?s=50&#038;d=mm&#038;r=g' srcset='https:\/\/secure.gravatar.com\/avatar\/9b018c099c1d3d311de41245607c079c43a184dbd878419894a038ce3d5bff65?s=100&#038;d=mm&#038;r=g 2x' class='avatar avatar-50 photo gb-image-a42520f7' height='50' width='50' \/><\/figure>\n<\/div><\/div>\n\n<div class=\"gb-grid-column gb-grid-column-d493fd35\"><div class=\"gb-container gb-container-d493fd35\">\n<div class=\"gb-container gb-container-c781a7ee\">\n\n<p style=\"font-size:15px;letter-spacing:0px\">Geschrieben von<\/p>\n\n\n<h5 class=\"gb-headline gb-headline-fff1859c gb-headline-text\"><a href=\"https:\/\/azbookmakers.com\/de\/author\/admin\/\">AZ team<\/a><\/h5>\n<\/div>\n\n<div class=\"gb-container gb-container-c157dc3b\">\n\n<p style=\"font-size:15px;letter-spacing:0px\">Aktualisiert<\/p>\n\n\n<h5 class=\"gb-headline gb-headline-09023a88 gb-headline-text\"><time class=\"entry-date updated-date\" datetime=\"2025-04-17T11:39:10+00:00\">April 17, 2025<\/time><\/h5>\n<\/div>\n<\/div><\/div>\n<\/div>\n<\/div>\n\n\n<p class=\"gb-headline gb-headline-7b3e6acd gb-headline-text\">Dieses Jahr war bemerkenswert f\u00fcr Online-Gl\u00fccksspiele mit Bitcoin, da die meisten Sportwettenanbieter, die Bitcoin akzeptieren, viele neue Spieler gewinnen konnten. Anonyme Wettseiten sind in den letzten Jahren weltweit sehr beliebt geworden. In einigen L\u00e4ndern haben strenge Gl\u00fccksspielgesetze Spieler dazu veranlasst, auf Bitcoin-Wettseiten zur\u00fcckzugreifen, um staatlichen Beschr\u00e4nkungen zu entgehen. Bitcoin-Wetten sind bereits f\u00fcr alle erdenklichen Sportarten verf\u00fcgbar, wie z. B. <a href=\"https:\/\/azbookmakers.com\/de\/ufc-buchmacher\/\">MMA<\/a>, Cricket, Football, <a href=\"https:\/\/azbookmakers.com\/de\/pferderennen-buchmacher\/\">Pferderennen<\/a> und Fu\u00dfball. Deshalb haben wir eine Liste der besten, sichersten und vertrauensw\u00fcrdigsten Buchmacher erstellt, die Bitcoin-Zahlungen akzeptieren.<\/p>\n\n<\/div><\/div>\n\n<div class=\"gb-grid-column gb-grid-column-31b9ee80\"><div class=\"gb-container gb-container-31b9ee80\">\n\n<p class=\"gb-headline gb-headline-8777f704 gb-headline-text\">Bester Bonus f\u00fcr Buchmacher, die Bitcoin akzeptieren \u2013 MyStake \ud83c\udfc0<\/p>\n\n\n<div class=\"gb-grid-wrapper gb-grid-wrapper-2da68e96\">\n<div class=\"gb-grid-column gb-grid-column-53a97759\"><div class=\"gb-container gb-container-53a97759\">\n<div class=\"gb-container gb-container-634f6a41\">\n\n<p class=\"gb-headline gb-headline-2a211c32 gb-headline-text\"><strong>100% bis zu $500<\/strong><\/p>\n\n<\/div>\n<\/div><\/div>\n\n<div class=\"gb-grid-column gb-grid-column-97c39034\"><div class=\"gb-container gb-container-97c39034\"><a class=\"gb-container-link\" href=\"https:\/\/azbookmakers.com\/de\/play\/mystake\" rel=\"nofollow\"><\/a>\n\n<p class=\"gb-headline gb-headline-5eefc06a gb-headline-text\">JETZT SPIELEN<\/p>\n\n<\/div><\/div>\n<\/div>\n\n\n<p class=\"gb-headline gb-headline-c4ad2d74 gb-headline-text\">Bester Bitcoin Buchmacher<\/p>\n\n\n<div class=\"gb-grid-wrapper gb-grid-wrapper-abe36fe6\">\n<div class=\"gb-grid-column gb-grid-column-534ff646\"><div class=\"gb-container gb-container-534ff646\">\n<div class=\"gb-container gb-container-027b7bbb\">\n\n<p class=\"gb-headline gb-headline-e978bc9b gb-headline-text\"><strong>MyStake <\/strong><\/p>\n\n<\/div>\n<\/div><\/div>\n\n<div class=\"gb-grid-column gb-grid-column-78ca9d39\"><div class=\"gb-container gb-container-78ca9d39\"><a class=\"gb-container-link\" href=\"https:\/\/azbookmakers.com\/de\/play\/mystake\" rel=\"nofollow\"><\/a>\n\n<p class=\"gb-headline gb-headline-219a2652 gb-headline-text\">JETZT SPIELEN<\/p>\n\n<\/div><\/div>\n<\/div>\n<\/div><\/div>\n<\/div>\n\n<div class=\"gb-container gb-container-88645f71\"><\/div>\n\n<div class=\"gb-container gb-container-b5979306 cu-numbered-div\">\n<div class=\"gb-grid-wrapper gb-grid-wrapper-278e7115\">\n<div class=\"gb-grid-column gb-grid-column-68849bf2\"><div class=\"gb-container gb-container-68849bf2\">\n<div class=\"gb-container gb-container-47fa4c0a\">\n<div class=\"gb-container gb-container-6e382c96\">\n<div class=\"gb-container gb-container-4bcc5dec\">\n\n<figure class=\"gb-block-image gb-block-image-8174a328\"><img loading=\"lazy\" decoding=\"async\" width=\"133\" height=\"44\" class=\"gb-image gb-image-8174a328\" src=\"https:\/\/azbookmakers.com\/de\/wp-content\/uploads\/sites\/2\/2024\/11\/mystake-logo.svg\" alt=\"\" title=\"mystake logo\"\/><\/figure>\n\n<\/div>\n\n<div class=\"gb-container gb-container-b40e8996\"><a class=\"gb-container-link\" href=\"https:\/\/azbookmakers.com\/de\/mystake\/\"><\/a>\n\n<p class=\"has-text-align-center has-base-3-color has-text-color has-link-color wp-elements-1904233220629ac9f2726f1555654b88\" style=\"font-size:17px;font-style:normal;font-weight:500\">MYSTAKE REZENSION<\/p>\n\n<\/div>\n<\/div>\n\n<div class=\"gb-container gb-container-f08bdc2a\">\n\n<h3 class=\"gb-headline gb-headline-23728d47 gb-headline-text\">MyStake \u2013 9\/10 Bewertung<\/h3>\n\n\n\n<p class=\"gb-headline gb-headline-02fcfea3 gb-headline-text\">\u26bd Casino und Sportwetten<br>\ud83d\udc54 Eigent\u00fcmer: Santeda International B.V.<br>\ud83d\udcc5 Gegr\u00fcndet: 2020<br>\ud83c\udf0e GEOs: Chile, Norwegen, Mexiko, Brasilien<br>\ud83c\udfdb\ufe0f Lizenz: Komoren<\/p>\n\n<\/div>\n<\/div>\n\n<div class=\"gb-container gb-container-773c6a97\">\n<div class=\"gb-container gb-container-e19e578a\">\n<div class=\"gb-container gb-container-3f5b0684\">\n\n<h4 class=\"gb-headline gb-headline-e07b1a54 gb-headline-text\">Bankwesen<\/h4>\n\n\n\n<p class=\"gb-headline gb-headline-87fb1309 gb-headline-text\">Min. Einzahlung: <strong>$10<\/strong><br>Maximale monatliche Auszahlung: <strong>$15,000<\/strong><br>Auszahlungszeit: <strong>bis zu 24 Stunden<\/strong><\/p>\n\n<\/div>\n\n<div class=\"gb-container gb-container-306a3855\">\n\n<h4 class=\"gb-headline gb-headline-18ce96b9 gb-headline-text\">Vorteile<\/h4>\n\n\n<div class=\"gb-container gb-container-dbcab87f\">\n\n<ul class=\"wp-block-list\">\n<li>\u00dcber 6000 Slots<\/li>\n\n\n\n<li>Gro\u00dfz\u00fcgiger Willkommensbonus<\/li>\n\n\n\n<li>Akzeptiert Kryptozahlungen<\/li>\n<\/ul>\n\n<\/div>\n<\/div>\n<\/div>\n<\/div>\n<\/div><\/div>\n\n<div class=\"gb-grid-column gb-grid-column-ec85d4f1\"><div class=\"gb-container gb-container-ec85d4f1\">\n<div class=\"gb-container gb-container-758218dd\">\n<div class=\"gb-container gb-container-f2307df6\">\n\n<figure class=\"gb-block-image gb-block-image-519aa84e\"><img loading=\"lazy\" decoding=\"async\" width=\"511\" height=\"381\" class=\"gb-image gb-image-519aa84e\" src=\"https:\/\/azbookmakers.com\/de\/wp-content\/uploads\/sites\/2\/2024\/11\/100-welcome-bonus.png\" alt=\"100% Willkommensbonus\" title=\"100% Willkommensbonus\" srcset=\"https:\/\/azbookmakers.com\/de\/wp-content\/uploads\/sites\/2\/2024\/11\/100-welcome-bonus.png 511w, https:\/\/azbookmakers.com\/de\/wp-content\/uploads\/sites\/2\/2024\/11\/100-welcome-bonus-300x224.png 300w\" sizes=\"auto, (max-width: 511px) 100vw, 511px\" \/><\/figure>\n\n<\/div>\n\n\n<h4 class=\"gb-headline gb-headline-320f6098 gb-headline-text\">Sportbonus \ud83c\udfc0<\/h4>\n\n\n\n<p class=\"gb-headline gb-headline-cdf2613a gb-headline-text\"><em><strong><strong><em><em><strong><em><strong><em><strong><em><strong><em><strong>100% <em><strong><strong><em><em><strong><em><strong><em><strong><em><strong><em><strong><em><strong><em><strong><em><strong>bis zu<\/strong><\/em><\/strong><\/em><\/strong><\/em><\/strong><\/em><\/strong><\/em><\/strong><\/em><\/strong><\/em><\/strong><\/em><\/em><\/strong><\/strong><\/em><\/strong><\/em><\/strong><\/em><\/strong><\/em><\/strong><\/em><\/strong><\/em><\/em><\/strong><\/strong><\/em> <em><strong><strong><em><em><strong><em><strong><em><strong><em><strong><em><strong>$500<\/strong><\/em><\/strong><\/em><\/strong><\/em><\/strong><\/em><\/strong><\/em><\/em><\/strong><\/strong><\/em><\/p>\n\n\n\n<p class=\"gb-headline gb-headline-2f2a3cad gb-headline-text\">(Umsatzbedingungen: 10x Bonus + Einzahlung)<\/p>\n\n\n\n<a class=\"gb-button gb-button-075fc908\" href=\"https:\/\/azbookmakers.com\/de\/play\/mystake\" rel=\"nofollow\"><span class=\"gb-icon\"><svg aria-hidden=\"true\" role=\"img\" height=\"1em\" width=\"1em\" viewBox=\"0 0 256 512\" xmlns=\"http:\/\/www.w3.org\/2000\/svg\"><path fill=\"currentColor\" d=\"M224.3 273l-136 136c-9.4 9.4-24.6 9.4-33.9 0l-22.6-22.6c-9.4-9.4-9.4-24.6 0-33.9l96.4-96.4-96.4-96.4c-9.4-9.4-9.4-24.6 0-33.9L54.3 103c9.4-9.4 24.6-9.4 33.9 0l136 136c9.5 9.4 9.5 24.6.1 34z\"><\/path><\/svg><\/span><span class=\"gb-button-text\">Spielen<\/span><\/a>\n\n<\/div>\n\n<div class=\"gb-container gb-container-dde53a48\">\n<div class=\"gb-container gb-container-06bc7a8a\">\n\n<figure class=\"gb-block-image gb-block-image-2a62f9a1\"><img loading=\"lazy\" decoding=\"async\" width=\"383\" height=\"285\" class=\"gb-image gb-image-2a62f9a1\" src=\"https:\/\/azbookmakers.com\/de\/wp-content\/uploads\/sites\/2\/2024\/11\/100-welcome-bonus.svg\" alt=\"100% Willkommensbonus\" title=\"100% Willkommensbonus\"\/><\/figure>\n\n<\/div>\n\n\n<h4 class=\"gb-headline gb-headline-6f43ce7e gb-headline-text\">Bonus Casino \ud83c\udfb0<\/h4>\n\n\n\n<p class=\"gb-headline gb-headline-0ccd8adb gb-headline-text\"><em><strong><em><strong><em><strong>150% <em><strong><strong><em><em><strong><em><strong><em><strong><em><strong><em><strong><em><strong><em><strong><em><strong>bis zu<\/strong><\/em><\/strong><\/em><\/strong><\/em><\/strong><\/em><\/strong><\/em><\/strong><\/em><\/strong><\/em><\/strong><\/em><\/em><\/strong><\/strong><\/em> $300<\/strong><\/em><\/strong><\/em><\/strong><\/em><\/p>\n\n\n\n<p class=\"gb-headline gb-headline-1a22fd08 gb-headline-text\">(Umsatzbedingungen: 30x Bonus + Einzahlung)<\/p>\n\n\n\n<a class=\"gb-button gb-button-0bdb121b\" href=\"https:\/\/azbookmakers.com\/de\/play\/mystake\" rel=\"nofollow\"><span class=\"gb-icon\"><svg aria-hidden=\"true\" role=\"img\" height=\"1em\" width=\"1em\" viewBox=\"0 0 256 512\" xmlns=\"http:\/\/www.w3.org\/2000\/svg\"><path fill=\"currentColor\" d=\"M224.3 273l-136 136c-9.4 9.4-24.6 9.4-33.9 0l-22.6-22.6c-9.4-9.4-9.4-24.6 0-33.9l96.4-96.4-96.4-96.4c-9.4-9.4-9.4-24.6 0-33.9L54.3 103c9.4-9.4 24.6-9.4 33.9 0l136 136c9.5 9.4 9.5 24.6.1 34z\"><\/path><\/svg><\/span><span class=\"gb-button-text\">Spielen<\/span><\/a>\n\n<\/div>\n<\/div><\/div>\n<\/div>\n<\/div>\n\n<div class=\"gb-container gb-container-49061845\">\n<div class=\"gb-container gb-container-dfe8b11d\">\n<div class=\"gb-container gb-container-66d4743d\">\n<div class=\"gb-grid-wrapper gb-grid-wrapper-6a856ca6\">\n<div class=\"gb-grid-column gb-grid-column-a771ac8a\"><div class=\"gb-container gb-container-a771ac8a\">\n\n<h2 class=\"gb-headline gb-headline-7ba1b2ac gb-headline-text\">Die Vorteile von Bitcoin<\/h2>\n\n\n\n<p>In den USA ist es aufgrund verschiedener Vorschriften und Verbote immer noch schwierig, eine zuverl\u00e4ssige und sichere Wettseite zu finden. Viele fragen sich: \u201eVer\u00e4ndert Bitcoin das Online-Gl\u00fccksspiel in den USA? Ist Bitcoin-Gl\u00fccksspiel \u00fcberhaupt legal?\u201c Unsere Untersuchungen zeigen, dass mittlerweile \u00fcber 10 Millionen Menschen landesweit Bitcoin f\u00fcr Wetten verwenden. Das zeigt deutlich, dass sich Spieler keine Sorgen um die US-Gl\u00fccksspielgesetze machen m\u00fcssen.<\/p>\n\n\n\n<p>Wir glauben, dass Bitcoin-Gl\u00fccksspiel in den USA in den kommenden Jahren enorm an Popularit\u00e4t gewinnen wird. Fast jedes Land hat mit Gl\u00fccksspielbeschr\u00e4nkungen zu k\u00e4mpfen, doch mit Bitcoin-Sportwetten geh\u00f6ren diese H\u00fcrden der Vergangenheit an. Bitcoin- und BTC-Sportwetten werden jedoch weiterhin nicht von einer Beh\u00f6rde reguliert, was einige Bedenken aufgeworfen hat, die jedoch von den Bef\u00fcrwortern der Kryptow\u00e4hrung \u00fcberschattet wurden.<\/p>\n\n\n\n<p>Dies \u00e4nderte sich in diesem Jahr dramatisch, als der Bitcoin-Kurs um fast 870 % von 700 auf 7.000 US-Dollar stieg und Bitcoin damit zur m\u00e4chtigsten Kryptow\u00e4hrung der Welt machte. Bitcoin-Sportwetten sind heute bekannt f\u00fcr sofortige Auszahlungen, faire und anonyme <a href=\"https:\/\/azbookmakers.com\/de\/buchmakers-die-nicht-limitieren\/\">Wetten und keine Wettlimits<\/a>.<\/p>\n\n\n\n<h3 class=\"gb-headline gb-headline-deb96d88 gb-headline-text\">Mit BTC einzahlen, mit USD spielen<\/h3>\n\n\n\n<p>Wie viel besser Bitcoin-Buchmacher wirklich sind, h\u00e4ngt von Ihrer Erfahrung ab. Gewissheit gewinnen Sie jedoch erst, wenn Sie Bitcoin ausprobieren. Derzeit k\u00f6nnen Sie Bitcoin beim Gl\u00fccksspiel als Zahlungsmethode und nicht als W\u00e4hrung verwenden. Dies kann in manchen F\u00e4llen von Vorteil sein, da es traditionelle Wettmethoden mit einer modernen Einzahlungsoption kombiniert.<\/p>\n\n\n\n<p>BetOnline hat Bitcoin bereits 2015 als Zahlungsmethode integriert, ist aber mittlerweile veraltet \u2013 Ethereum wurde bereits hinzugef\u00fcgt. Aktuell bieten sie einen Bitcoin-Willkommensbonus f\u00fcr Ihre erste Einzahlung mit einem 100 %-Bonus bis zu 1.000 $.<\/p>\n\n\n\n<p>Einzahlungsverz\u00f6gerungen k\u00f6nnen zwar manchmal frustrierend sein, aber die schnellen Auszahlungen st\u00e4rken Ihr Vertrauen in Bitcoin-Sportwettenanbieter. Intertops ist bekannt f\u00fcr seine Fairness mit einem unkomplizierten Verifizierungsprozess, fairen Aktionen, fairen Regeln und klaren Sportwettenbedingungen. Es gibt sogar einen speziellen Bereich f\u00fcr deutsche und US-Spieler. Bitcoin-Einzahlungen erfolgen hier sofort, was selten vorkommt, und Sie k\u00f6nnen aus einer Vielzahl von W\u00e4hrungen w\u00e4hlen.<\/p>\n\n<\/div><\/div>\n\n<div class=\"gb-grid-column gb-grid-column-24ce7e0c\"><div class=\"gb-container gb-container-24ce7e0c\">\n\n<figure class=\"gb-block-image gb-block-image-5f3a20fd\"><img loading=\"lazy\" decoding=\"async\" width=\"375\" height=\"285\" class=\"gb-image gb-image-5f3a20fd\" src=\"https:\/\/azbookmakers.com\/de\/wp-content\/uploads\/sites\/2\/2024\/12\/Bitcoin-bookmakers.svg\" alt=\"Bitcoin-Buchmacher\" title=\"Bitcoin-Buchmacher\"\/><\/figure>\n\n<\/div><\/div>\n<\/div>\n<\/div>\n<\/div>\n<\/div>\n<\/div><\/div>","protected":false},"excerpt":{"rendered":"","protected":false},"author":1,"featured_media":0,"parent":0,"menu_order":0,"comment_status":"closed","ping_status":"closed","template":"","meta":{"footnotes":""},"class_list":["post-529","page","type-page","status-publish"],"yoast_head":"<!-- This site is optimized with the Yoast SEO plugin v26.7 - https:\/\/yoast.com\/wordpress\/plugins\/seo\/ -->\n<title>Buchmacher, die Bitcoin-Zahlungen akzeptieren 2026 - Bitcoin-Buchmacher<\/title>\n<meta name=\"description\" content=\"Auf dieser Seite haben wir eine Liste der besten und zuverl\u00e4ssigsten Online-Buchmacher zusammengestellt, die Bitcoin-Zahlungen akzeptieren. 2026\" \/>\n<meta name=\"robots\" content=\"index, follow, max-snippet:-1, max-image-preview:large, max-video-preview:-1\" \/>\n<link rel=\"canonical\" href=\"https:\/\/azbookmakers.com\/de\/bitcoin-buchmacher\/\" \/>\n<meta property=\"og:locale\" content=\"en_US\" \/>\n<meta property=\"og:type\" content=\"article\" \/>\n<meta property=\"og:title\" content=\"Buchmacher, die Bitcoin-Zahlungen akzeptieren 2026 - Bitcoin-Buchmacher\" \/>\n<meta property=\"og:description\" content=\"Auf dieser Seite haben wir eine Liste der besten und zuverl\u00e4ssigsten Online-Buchmacher zusammengestellt, die Bitcoin-Zahlungen akzeptieren. 2026\" \/>\n<meta property=\"og:url\" content=\"https:\/\/azbookmakers.com\/de\/bitcoin-buchmacher\/\" \/>\n<meta property=\"og:site_name\" content=\"Germany\" \/>\n<meta property=\"article:modified_time\" content=\"2025-04-17T11:39:10+00:00\" \/>\n<meta property=\"og:image\" content=\"https:\/\/azbookmakers.com\/de\/wp-content\/uploads\/sites\/2\/2024\/12\/bitcoin-bookmakers.svg\" \/>\n<meta name=\"twitter:card\" content=\"summary_large_image\" \/>\n<meta name=\"twitter:label1\" content=\"Est. reading time\" \/>\n\t<meta name=\"twitter:data1\" content=\"4 minutes\" \/>\n<script type=\"application\/ld+json\" class=\"yoast-schema-graph\">{\"@context\":\"https:\/\/schema.org\",\"@graph\":[{\"@type\":\"WebPage\",\"@id\":\"https:\/\/azbookmakers.com\/de\/bitcoin-buchmacher\/\",\"url\":\"https:\/\/azbookmakers.com\/de\/bitcoin-buchmacher\/\",\"name\":\"Buchmacher, die Bitcoin-Zahlungen akzeptieren 2026 - Bitcoin-Buchmacher\",\"isPartOf\":{\"@id\":\"https:\/\/azbookmakers.com\/de\/#website\"},\"primaryImageOfPage\":{\"@id\":\"https:\/\/azbookmakers.com\/de\/bitcoin-buchmacher\/#primaryimage\"},\"image\":{\"@id\":\"https:\/\/azbookmakers.com\/de\/bitcoin-buchmacher\/#primaryimage\"},\"thumbnailUrl\":\"https:\/\/azbookmakers.com\/de\/wp-content\/uploads\/sites\/2\/2024\/12\/bitcoin-bookmakers.svg\",\"datePublished\":\"2024-12-02T09:05:52+00:00\",\"dateModified\":\"2025-04-17T11:39:10+00:00\",\"description\":\"Auf dieser Seite haben wir eine Liste der besten und zuverl\u00e4ssigsten Online-Buchmacher zusammengestellt, die Bitcoin-Zahlungen akzeptieren. 2026\",\"breadcrumb\":{\"@id\":\"https:\/\/azbookmakers.com\/de\/bitcoin-buchmacher\/#breadcrumb\"},\"inLanguage\":\"en-US\",\"potentialAction\":[{\"@type\":\"ReadAction\",\"target\":[\"https:\/\/azbookmakers.com\/de\/bitcoin-buchmacher\/\"]}]},{\"@type\":\"ImageObject\",\"inLanguage\":\"en-US\",\"@id\":\"https:\/\/azbookmakers.com\/de\/bitcoin-buchmacher\/#primaryimage\",\"url\":\"https:\/\/azbookmakers.com\/de\/wp-content\/uploads\/sites\/2\/2024\/12\/Bitcoin-bookmakers.svg\",\"contentUrl\":\"https:\/\/azbookmakers.com\/de\/wp-content\/uploads\/sites\/2\/2024\/12\/Bitcoin-bookmakers.svg\",\"width\":375,\"height\":285},{\"@type\":\"BreadcrumbList\",\"@id\":\"https:\/\/azbookmakers.com\/de\/bitcoin-buchmacher\/#breadcrumb\",\"itemListElement\":[{\"@type\":\"ListItem\",\"position\":1,\"name\":\"AZbookmakers\",\"item\":\"https:\/\/azbookmakers.com\/de\/\"},{\"@type\":\"ListItem\",\"position\":2,\"name\":\"Bitcoin Buchmacher\"}]},{\"@type\":\"WebSite\",\"@id\":\"https:\/\/azbookmakers.com\/de\/#website\",\"url\":\"https:\/\/azbookmakers.com\/de\/\",\"name\":\"Germany\",\"description\":\"AZbookmakers\",\"publisher\":{\"@id\":\"https:\/\/azbookmakers.com\/de\/#organization\"},\"potentialAction\":[{\"@type\":\"SearchAction\",\"target\":{\"@type\":\"EntryPoint\",\"urlTemplate\":\"https:\/\/azbookmakers.com\/de\/?s={search_term_string}\"},\"query-input\":{\"@type\":\"PropertyValueSpecification\",\"valueRequired\":true,\"valueName\":\"search_term_string\"}}],\"inLanguage\":\"en-US\"},{\"@type\":\"Organization\",\"@id\":\"https:\/\/azbookmakers.com\/de\/#organization\",\"name\":\"Germany\",\"url\":\"https:\/\/azbookmakers.com\/de\/\",\"logo\":{\"@type\":\"ImageObject\",\"inLanguage\":\"en-US\",\"@id\":\"https:\/\/azbookmakers.com\/de\/#\/schema\/logo\/image\/\",\"url\":\"https:\/\/azbookmakers.com\/de\/wp-content\/uploads\/sites\/2\/2024\/11\/azbookmakers.svg\",\"contentUrl\":\"https:\/\/azbookmakers.com\/de\/wp-content\/uploads\/sites\/2\/2024\/11\/azbookmakers.svg\",\"width\":184,\"height\":33,\"caption\":\"Germany\"},\"image\":{\"@id\":\"https:\/\/azbookmakers.com\/de\/#\/schema\/logo\/image\/\"}}]}<\/script>\n<!-- \/ Yoast SEO plugin. -->","yoast_head_json":{"title":"Buchmacher, die Bitcoin-Zahlungen akzeptieren 2026 - Bitcoin-Buchmacher","description":"Auf dieser Seite haben wir eine Liste der besten und zuverl\u00e4ssigsten Online-Buchmacher zusammengestellt, die Bitcoin-Zahlungen akzeptieren. 2026","robots":{"index":"index","follow":"follow","max-snippet":"max-snippet:-1","max-image-preview":"max-image-preview:large","max-video-preview":"max-video-preview:-1"},"canonical":"https:\/\/azbookmakers.com\/de\/bitcoin-buchmacher\/","og_locale":"en_US","og_type":"article","og_title":"Buchmacher, die Bitcoin-Zahlungen akzeptieren 2026 - Bitcoin-Buchmacher","og_description":"Auf dieser Seite haben wir eine Liste der besten und zuverl\u00e4ssigsten Online-Buchmacher zusammengestellt, die Bitcoin-Zahlungen akzeptieren. 2026","og_url":"https:\/\/azbookmakers.com\/de\/bitcoin-buchmacher\/","og_site_name":"Germany","article_modified_time":"2025-04-17T11:39:10+00:00","og_image":[{"url":"https:\/\/azbookmakers.com\/de\/wp-content\/uploads\/sites\/2\/2024\/12\/bitcoin-bookmakers.svg","type":"","width":"","height":""}],"twitter_card":"summary_large_image","twitter_misc":{"Est. reading time":"4 minutes"},"schema":{"@context":"https:\/\/schema.org","@graph":[{"@type":"WebPage","@id":"https:\/\/azbookmakers.com\/de\/bitcoin-buchmacher\/","url":"https:\/\/azbookmakers.com\/de\/bitcoin-buchmacher\/","name":"Buchmacher, die Bitcoin-Zahlungen akzeptieren 2026 - Bitcoin-Buchmacher","isPartOf":{"@id":"https:\/\/azbookmakers.com\/de\/#website"},"primaryImageOfPage":{"@id":"https:\/\/azbookmakers.com\/de\/bitcoin-buchmacher\/#primaryimage"},"image":{"@id":"https:\/\/azbookmakers.com\/de\/bitcoin-buchmacher\/#primaryimage"},"thumbnailUrl":"https:\/\/azbookmakers.com\/de\/wp-content\/uploads\/sites\/2\/2024\/12\/bitcoin-bookmakers.svg","datePublished":"2024-12-02T09:05:52+00:00","dateModified":"2025-04-17T11:39:10+00:00","description":"Auf dieser Seite haben wir eine Liste der besten und zuverl\u00e4ssigsten Online-Buchmacher zusammengestellt, die Bitcoin-Zahlungen akzeptieren. 2026","breadcrumb":{"@id":"https:\/\/azbookmakers.com\/de\/bitcoin-buchmacher\/#breadcrumb"},"inLanguage":"en-US","potentialAction":[{"@type":"ReadAction","target":["https:\/\/azbookmakers.com\/de\/bitcoin-buchmacher\/"]}]},{"@type":"ImageObject","inLanguage":"en-US","@id":"https:\/\/azbookmakers.com\/de\/bitcoin-buchmacher\/#primaryimage","url":"https:\/\/azbookmakers.com\/de\/wp-content\/uploads\/sites\/2\/2024\/12\/Bitcoin-bookmakers.svg","contentUrl":"https:\/\/azbookmakers.com\/de\/wp-content\/uploads\/sites\/2\/2024\/12\/Bitcoin-bookmakers.svg","width":375,"height":285},{"@type":"BreadcrumbList","@id":"https:\/\/azbookmakers.com\/de\/bitcoin-buchmacher\/#breadcrumb","itemListElement":[{"@type":"ListItem","position":1,"name":"AZbookmakers","item":"https:\/\/azbookmakers.com\/de\/"},{"@type":"ListItem","position":2,"name":"Bitcoin Buchmacher"}]},{"@type":"WebSite","@id":"https:\/\/azbookmakers.com\/de\/#website","url":"https:\/\/azbookmakers.com\/de\/","name":"Germany","description":"AZbookmakers","publisher":{"@id":"https:\/\/azbookmakers.com\/de\/#organization"},"potentialAction":[{"@type":"SearchAction","target":{"@type":"EntryPoint","urlTemplate":"https:\/\/azbookmakers.com\/de\/?s={search_term_string}"},"query-input":{"@type":"PropertyValueSpecification","valueRequired":true,"valueName":"search_term_string"}}],"inLanguage":"en-US"},{"@type":"Organization","@id":"https:\/\/azbookmakers.com\/de\/#organization","name":"Germany","url":"https:\/\/azbookmakers.com\/de\/","logo":{"@type":"ImageObject","inLanguage":"en-US","@id":"https:\/\/azbookmakers.com\/de\/#\/schema\/logo\/image\/","url":"https:\/\/azbookmakers.com\/de\/wp-content\/uploads\/sites\/2\/2024\/11\/azbookmakers.svg","contentUrl":"https:\/\/azbookmakers.com\/de\/wp-content\/uploads\/sites\/2\/2024\/11\/azbookmakers.svg","width":184,"height":33,"caption":"Germany"},"image":{"@id":"https:\/\/azbookmakers.com\/de\/#\/schema\/logo\/image\/"}}]}},"_links":{"self":[{"href":"https:\/\/azbookmakers.com\/de\/wp-json\/wp\/v2\/pages\/529","targetHints":{"allow":["GET"]}}],"collection":[{"href":"https:\/\/azbookmakers.com\/de\/wp-json\/wp\/v2\/pages"}],"about":[{"href":"https:\/\/azbookmakers.com\/de\/wp-json\/wp\/v2\/types\/page"}],"author":[{"embeddable":true,"href":"https:\/\/azbookmakers.com\/de\/wp-json\/wp\/v2\/users\/1"}],"replies":[{"embeddable":true,"href":"https:\/\/azbookmakers.com\/de\/wp-json\/wp\/v2\/comments?post=529"}],"version-history":[{"count":16,"href":"https:\/\/azbookmakers.com\/de\/wp-json\/wp\/v2\/pages\/529\/revisions"}],"predecessor-version":[{"id":3246,"href":"https:\/\/azbookmakers.com\/de\/wp-json\/wp\/v2\/pages\/529\/revisions\/3246"}],"wp:attachment":[{"href":"https:\/\/azbookmakers.com\/de\/wp-json\/wp\/v2\/media?parent=529"}],"curies":[{"name":"wp","href":"https:\/\/api.w.org\/{rel}","templated":true}]}}