{"id":926,"date":"2024-12-12T07:10:45","date_gmt":"2024-12-12T07:10:45","guid":{"rendered":"https:\/\/azbookmakers.com\/de\/?page_id=926"},"modified":"2025-04-17T11:19:06","modified_gmt":"2025-04-17T11:19:06","slug":"android-buchmacher","status":"publish","type":"page","link":"https:\/\/azbookmakers.com\/de\/android-buchmacher\/","title":{"rendered":"Android Buchmacher"},"content":{"rendered":"<div class=\"gb-container gb-container-bcbc8aae alignfull\"><div class=\"gb-inside-container\">\n<div class=\"gb-grid-wrapper gb-grid-wrapper-e1907126\">\n<div class=\"gb-grid-column gb-grid-column-72ddd41a\"><div class=\"gb-container gb-container-72ddd41a\">\n\n<figure class=\"gb-block-image gb-block-image-136e4304\"><img decoding=\"async\" class=\"gb-image gb-image-136e4304\" src=\"https:\/\/azbookmakers.com\/de\/wp-content\/uploads\/sites\/2\/2024\/12\/Android-Bookmakers.svg\" alt=\"Android Buchmacher\" title=\"Android Buchmacher\"\/><\/figure>\n\n<\/div><\/div>\n\n<div class=\"gb-grid-column gb-grid-column-d9354d18\"><div class=\"gb-container gb-container-d9354d18\">\n<span><span><a href=\"https:\/\/azbookmakers.com\/de\/\">AZbookmakers<\/a><\/span><\/span>\n\n\n\n<h1 class=\"gb-headline gb-headline-67b36986 gb-headline-text\">Android Buchmacher<\/h1>\n\n\n<div class=\"gb-container gb-container-000fb8af\">\n<div class=\"gb-grid-wrapper gb-grid-wrapper-dfb492a9\">\n<div class=\"gb-grid-column gb-grid-column-7232b480\"><div class=\"gb-container gb-container-7232b480\">\n<figure class=\"gb-block-image gb-block-image-a42520f7\"><img alt='' src='https:\/\/secure.gravatar.com\/avatar\/9b018c099c1d3d311de41245607c079c43a184dbd878419894a038ce3d5bff65?s=50&#038;d=mm&#038;r=g' srcset='https:\/\/secure.gravatar.com\/avatar\/9b018c099c1d3d311de41245607c079c43a184dbd878419894a038ce3d5bff65?s=100&#038;d=mm&#038;r=g 2x' class='avatar avatar-50 photo gb-image-a42520f7' height='50' width='50' \/><\/figure>\n<\/div><\/div>\n\n<div class=\"gb-grid-column gb-grid-column-d493fd35\"><div class=\"gb-container gb-container-d493fd35\">\n<div class=\"gb-container gb-container-c781a7ee\">\n\n<p style=\"font-size:15px;letter-spacing:0px\">Geschrieben von<\/p>\n\n\n<h5 class=\"gb-headline gb-headline-fff1859c gb-headline-text\"><a href=\"https:\/\/azbookmakers.com\/de\/author\/admin\/\">AZ team<\/a><\/h5>\n<\/div>\n\n<div class=\"gb-container gb-container-c157dc3b\">\n\n<p style=\"font-size:15px;letter-spacing:0px\">Aktualisiert<\/p>\n\n\n<h5 class=\"gb-headline gb-headline-09023a88 gb-headline-text\"><time class=\"entry-date updated-date\" datetime=\"2025-04-17T11:19:06+00:00\">April 17, 2025<\/time><\/h5>\n<\/div>\n<\/div><\/div>\n<\/div>\n<\/div>\n\n\n<p class=\"gb-headline gb-headline-7b3e6acd gb-headline-text\">Es ist jetzt einfach, Wett-Apps f\u00fcr Android zu finden, nachdem Google Play, der offizielle App Store f\u00fcr Android, Ende 2017 sein langj\u00e4hriges Verbot dieser Apps aufgehoben hat. Dies war eine Erleichterung f\u00fcr Wett-Apps in Gro\u00dfbritannien und den USA, die gro\u00dfe Gl\u00fccksspielm\u00e4rkte sind. Vor der Aufhebung des Verbots mussten Wettende diese Apps aus anderen Quellen herunterladen, was Risiken f\u00fcr Sicherheit und Privatsph\u00e4re mit sich brachte \u2013 es bestand immer die M\u00f6glichkeit, eine gef\u00e4lschte App herunterzuladen. Jetzt k\u00f6nnen Sie Wett-Apps sicher direkt von Google Play herunterladen.<\/p>\n\n<\/div><\/div>\n\n<div class=\"gb-grid-column gb-grid-column-31b9ee80\"><div class=\"gb-container gb-container-31b9ee80\">\n\n<p class=\"gb-headline gb-headline-8777f704 gb-headline-text\">Bester Bonus f\u00fcr Android Buchmacher &#8211; MyStake \ud83c\udfc0<\/p>\n\n\n<div class=\"gb-grid-wrapper gb-grid-wrapper-2da68e96\">\n<div class=\"gb-grid-column gb-grid-column-53a97759\"><div class=\"gb-container gb-container-53a97759\">\n<div class=\"gb-container gb-container-634f6a41\">\n\n<p class=\"gb-headline gb-headline-2a211c32 gb-headline-text\"><strong><strong><strong><strong><strong><strong><strong><strong><strong><strong><strong><strong><strong><strong><strong>100% <strong><strong><strong><strong><strong><strong><strong><strong><strong>bis zu<\/strong><\/strong><\/strong><\/strong><\/strong><\/strong><\/strong><\/strong><\/strong><\/strong><\/strong><\/strong><\/strong><\/strong><\/strong> <strong><strong><strong><strong><strong><strong>$500<\/strong><\/strong><\/strong><\/strong><\/strong><\/strong><\/strong><\/strong><\/strong><\/strong><\/strong><\/strong><\/strong><\/strong><\/strong><\/p>\n\n<\/div>\n<\/div><\/div>\n\n<div class=\"gb-grid-column gb-grid-column-97c39034\"><div class=\"gb-container gb-container-97c39034\"><a class=\"gb-container-link\" href=\"https:\/\/azbookmakers.com\/de\/play\/mystake\" rel=\"nofollow\"><\/a>\n\n<p class=\"gb-headline gb-headline-5eefc06a gb-headline-text\">JETZT SPIELEN<\/p>\n\n<\/div><\/div>\n<\/div>\n\n\n<p class=\"gb-headline gb-headline-c4ad2d74 gb-headline-text\">Bester Android Buchmacher<\/p>\n\n\n<div class=\"gb-grid-wrapper gb-grid-wrapper-abe36fe6\">\n<div class=\"gb-grid-column gb-grid-column-534ff646\"><div class=\"gb-container gb-container-534ff646\">\n<div class=\"gb-container gb-container-027b7bbb\">\n\n<p class=\"gb-headline gb-headline-e978bc9b gb-headline-text\"><strong>BetUS<\/strong><\/p>\n\n<\/div>\n<\/div><\/div>\n\n<div class=\"gb-grid-column gb-grid-column-546c1cbd\"><div class=\"gb-container gb-container-546c1cbd\"><a class=\"gb-container-link\" href=\"https:\/\/azbookmakers.com\/de\/play\/betus\" rel=\"nofollow\"><\/a>\n\n<p class=\"gb-headline gb-headline-ddd84409 gb-headline-text\">JETZT SPIELEN<\/p>\n\n<\/div><\/div>\n<\/div>\n<\/div><\/div>\n<\/div>\n\n<div class=\"gb-container gb-container-88645f71\">\n\n<figure class=\"wp-block-table\"><table class=\"has-fixed-layout\"><tbody><tr><td class=\"has-text-align-center\" data-align=\"center\">Buchmacher mit den besten Quoten<\/td><td class=\"has-text-align-center\" data-align=\"center\"><a href=\"https:\/\/azbookmakers.com\/de\/play\/mystake\">MyStake<\/a><\/td><\/tr><tr><td class=\"has-text-align-center\" data-align=\"center\">Am besten optimierter Android Buchmacher<\/td><td class=\"has-text-align-center\" data-align=\"center\"><a href=\"https:\/\/azbookmakers.com\/de\/play\/bovada\">Bovada<\/a><\/td><\/tr><\/tbody><\/table><\/figure>\n\n<\/div>\n\n<div class=\"gb-container gb-container-7fc407a6\">\n<div class=\"gb-container gb-container-b5979306 cu-numbered-div\">\n<div class=\"gb-grid-wrapper gb-grid-wrapper-278e7115\">\n<div class=\"gb-grid-column gb-grid-column-68849bf2\"><div class=\"gb-container gb-container-68849bf2\">\n<div class=\"gb-container gb-container-47fa4c0a\">\n<div class=\"gb-container gb-container-6e382c96\">\n<div class=\"gb-container gb-container-4bcc5dec\">\n\n<figure class=\"gb-block-image gb-block-image-8174a328\"><img loading=\"lazy\" decoding=\"async\" width=\"133\" height=\"44\" class=\"gb-image gb-image-8174a328\" src=\"https:\/\/azbookmakers.com\/de\/wp-content\/uploads\/sites\/2\/2024\/11\/mystake-logo.svg\" alt=\"\" title=\"mystake logo\"\/><\/figure>\n\n<\/div>\n\n<div class=\"gb-container gb-container-b40e8996\"><a class=\"gb-container-link\" href=\"https:\/\/azbookmakers.com\/de\/mystake\/\"><\/a>\n\n<p class=\"has-text-align-center has-base-3-color has-text-color has-link-color wp-elements-1904233220629ac9f2726f1555654b88\" style=\"font-size:17px;font-style:normal;font-weight:500\">MYSTAKE REZENSION<\/p>\n\n<\/div>\n<\/div>\n\n<div class=\"gb-container gb-container-f08bdc2a\">\n\n<h3 class=\"gb-headline gb-headline-23728d47 gb-headline-text\">MyStake \u2013 9\/10 Bewertung<\/h3>\n\n\n\n<p class=\"gb-headline gb-headline-02fcfea3 gb-headline-text\">\u26bd Casino und Sportwetten<br>\ud83d\udc54 Eigent\u00fcmer: Santeda International B.V.<br>\ud83d\udcc5 Gegr\u00fcndet: 2020<br>\ud83c\udf0e GEOs: Chile, Norwegen, Mexiko, Brasilien<br>\ud83c\udfdb\ufe0f Lizenz: Komoren<\/p>\n\n<\/div>\n<\/div>\n\n<div class=\"gb-container gb-container-773c6a97\">\n<div class=\"gb-container gb-container-e19e578a\">\n<div class=\"gb-container gb-container-3f5b0684\">\n\n<h4 class=\"gb-headline gb-headline-e07b1a54 gb-headline-text\">Bankwesen<\/h4>\n\n\n\n<p class=\"gb-headline gb-headline-87fb1309 gb-headline-text\">Min. Einzahlung: <strong>$10<\/strong><br>Maximale monatliche Auszahlung: <strong>$15,000<\/strong><br>Auszahlungszeit: <strong>bis zu 24 Stunden<\/strong><\/p>\n\n<\/div>\n\n<div class=\"gb-container gb-container-306a3855\">\n\n<h4 class=\"gb-headline gb-headline-18ce96b9 gb-headline-text\">Vorteile<\/h4>\n\n\n<div class=\"gb-container gb-container-dbcab87f\">\n\n<ul class=\"wp-block-list\">\n<li>\u00dcber 6000 Slots<\/li>\n\n\n\n<li>Gro\u00dfz\u00fcgiger Willkommensbonus<\/li>\n\n\n\n<li>Akzeptiert Kryptozahlungen<\/li>\n<\/ul>\n\n<\/div>\n<\/div>\n<\/div>\n<\/div>\n<\/div><\/div>\n\n<div class=\"gb-grid-column gb-grid-column-ec85d4f1\"><div class=\"gb-container gb-container-ec85d4f1\">\n<div class=\"gb-container gb-container-758218dd\">\n<div class=\"gb-container gb-container-f2307df6\">\n\n<figure class=\"gb-block-image gb-block-image-519aa84e\"><img loading=\"lazy\" decoding=\"async\" width=\"511\" height=\"381\" class=\"gb-image gb-image-519aa84e\" src=\"https:\/\/azbookmakers.com\/de\/wp-content\/uploads\/sites\/2\/2024\/11\/100-welcome-bonus.png\" alt=\"100% Willkommensbonus\" title=\"100% Willkommensbonus\" srcset=\"https:\/\/azbookmakers.com\/de\/wp-content\/uploads\/sites\/2\/2024\/11\/100-welcome-bonus.png 511w, https:\/\/azbookmakers.com\/de\/wp-content\/uploads\/sites\/2\/2024\/11\/100-welcome-bonus-300x224.png 300w\" sizes=\"auto, (max-width: 511px) 100vw, 511px\" \/><\/figure>\n\n<\/div>\n\n\n<h4 class=\"gb-headline gb-headline-320f6098 gb-headline-text\">Sportbonus \ud83c\udfc0<\/h4>\n\n\n\n<p class=\"gb-headline gb-headline-cdf2613a gb-headline-text\"><em><strong><strong><em><em><strong><em><strong><em><strong><em><strong><em><strong>100% <em><strong><strong><em><em><strong><em><strong><em><strong><em><strong><em><strong><em><strong><em><strong><em><strong>bis zu<\/strong><\/em><\/strong><\/em><\/strong><\/em><\/strong><\/em><\/strong><\/em><\/strong><\/em><\/strong><\/em><\/strong><\/em><\/em><\/strong><\/strong><\/em><\/strong><\/em><\/strong><\/em><\/strong><\/em><\/strong><\/em><\/strong><\/em><\/em><\/strong><\/strong><\/em> <em><strong><strong><em><em><strong><em><strong><em><strong><em><strong><em><strong>$500<\/strong><\/em><\/strong><\/em><\/strong><\/em><\/strong><\/em><\/strong><\/em><\/em><\/strong><\/strong><\/em><\/p>\n\n\n\n<p class=\"gb-headline gb-headline-2f2a3cad gb-headline-text\">(Umsatzbedingungen: 10x Bonus + Einzahlung)<\/p>\n\n\n\n<a class=\"gb-button gb-button-075fc908\" href=\"https:\/\/azbookmakers.com\/de\/play\/mystake\" rel=\"nofollow\"><span class=\"gb-icon\"><svg aria-hidden=\"true\" role=\"img\" height=\"1em\" width=\"1em\" viewBox=\"0 0 256 512\" xmlns=\"http:\/\/www.w3.org\/2000\/svg\"><path fill=\"currentColor\" d=\"M224.3 273l-136 136c-9.4 9.4-24.6 9.4-33.9 0l-22.6-22.6c-9.4-9.4-9.4-24.6 0-33.9l96.4-96.4-96.4-96.4c-9.4-9.4-9.4-24.6 0-33.9L54.3 103c9.4-9.4 24.6-9.4 33.9 0l136 136c9.5 9.4 9.5 24.6.1 34z\"><\/path><\/svg><\/span><span class=\"gb-button-text\">Spielen<\/span><\/a>\n\n<\/div>\n\n<div class=\"gb-container gb-container-dde53a48\">\n<div class=\"gb-container gb-container-06bc7a8a\">\n\n<figure class=\"gb-block-image gb-block-image-2a62f9a1\"><img loading=\"lazy\" decoding=\"async\" width=\"383\" height=\"285\" class=\"gb-image gb-image-2a62f9a1\" src=\"https:\/\/azbookmakers.com\/de\/wp-content\/uploads\/sites\/2\/2024\/11\/100-welcome-bonus.svg\" alt=\"100% Willkommensbonus\" title=\"100% Willkommensbonus\"\/><\/figure>\n\n<\/div>\n\n\n<h4 class=\"gb-headline gb-headline-6f43ce7e gb-headline-text\">Bonus Casino \ud83c\udfb0<\/h4>\n\n\n\n<p class=\"gb-headline gb-headline-0ccd8adb gb-headline-text\"><em><strong><em><strong><em><strong>150% <em><strong><strong><em><em><strong><em><strong><em><strong><em><strong><em><strong><em><strong><em><strong><em><strong>bis zu<\/strong><\/em><\/strong><\/em><\/strong><\/em><\/strong><\/em><\/strong><\/em><\/strong><\/em><\/strong><\/em><\/strong><\/em><\/em><\/strong><\/strong><\/em> $300<\/strong><\/em><\/strong><\/em><\/strong><\/em><\/p>\n\n\n\n<p class=\"gb-headline gb-headline-1a22fd08 gb-headline-text\">(Umsatzbedingungen: 30x Bonus + Einzahlung)<\/p>\n\n\n\n<a class=\"gb-button gb-button-0bdb121b\" href=\"https:\/\/azbookmakers.com\/de\/play\/mystake\" rel=\"nofollow\"><span class=\"gb-icon\"><svg aria-hidden=\"true\" role=\"img\" height=\"1em\" width=\"1em\" viewBox=\"0 0 256 512\" xmlns=\"http:\/\/www.w3.org\/2000\/svg\"><path fill=\"currentColor\" d=\"M224.3 273l-136 136c-9.4 9.4-24.6 9.4-33.9 0l-22.6-22.6c-9.4-9.4-9.4-24.6 0-33.9l96.4-96.4-96.4-96.4c-9.4-9.4-9.4-24.6 0-33.9L54.3 103c9.4-9.4 24.6-9.4 33.9 0l136 136c9.5 9.4 9.5 24.6.1 34z\"><\/path><\/svg><\/span><span class=\"gb-button-text\">Spielen<\/span><\/a>\n\n<\/div>\n<\/div><\/div>\n<\/div>\n<\/div>\n<\/div>\n\n<div class=\"gb-container gb-container-49061845\">\n<div class=\"gb-container gb-container-dfe8b11d\">\n<div class=\"gb-container gb-container-66d4743d\">\n<div class=\"gb-grid-wrapper gb-grid-wrapper-6a856ca6\">\n<div class=\"gb-grid-column gb-grid-column-a771ac8a\"><div class=\"gb-container gb-container-a771ac8a\">\n\n<h2 class=\"gb-headline gb-headline-7ba1b2ac gb-headline-text\">So erhalten Sie Wett-Apps auf Android<\/h2>\n\n\n\n<p>Es gibt grunds\u00e4tzlich zwei sichere M\u00f6glichkeiten, eine sichere und zuverl\u00e4ssige Sportwetten-App f\u00fcr Android zu erhalten. Sie k\u00f6nnen sie von Google Play installieren oder direkt von der Website eines seri\u00f6sen Buchmachers herunterladen. Dadurch k\u00f6nnen seri\u00f6se Buchmacher Push-Benachrichtigungen \u00fcber ihre Android-Apps senden, was hilfreich ist, um Updates zu Spielen und Buchmacherboni zu erhalten.<\/p>\n\n\n\n<p>Gehen Sie also zu Google Play oder der Website Ihres bevorzugten Buchmachers und laden Sie Ihre kostenlose Android-Wett-App herunter. Wenn Sie neu beim Wetten sind, ist es eine gute Idee, sich einige Sportwettenangebote anzusehen, um die beste mobile Wett-App f\u00fcr Ihre Bed\u00fcrfnisse zu finden.<\/p>\n\n\n\n<h3 class=\"gb-headline gb-headline-8782b064 gb-headline-text\">Vorteile, die ein Android-Buchmacher bietet<\/h3>\n\n\n\n<p>Mobiles Wetten wird f\u00fcr immer mehr Spieler zur ersten Wahl, da Android-Wett-Apps immer besser werden \u2013 sicherer und benutzerfreundlicher. Eine <a href=\"https:\/\/azbookmakers.com\/de\/sportwetten-apps\/\">Online-Gl\u00fccksspiel-App<\/a> eines Top-Buchmachers bietet alle Funktionen, Quoten und Wettoptionen, die Sie auf seiner Website oder in einem physischen Wettb\u00fcro finden w\u00fcrden.<\/p>\n\n\n\n<p>Beispielsweise k\u00f6nnen Spieler mit Fu\u00dfballwett-Apps f\u00fcr Android Wetten auf Dutzende von Ligen aus der ganzen Welt platzieren, Akkumulatorwetten abschlie\u00dfen und in Echtzeit auf Live-Spiele wetten. Dar\u00fcber hinaus sollte eine gute Fu\u00dfballwett-App f\u00fcr Android eine Reihe von Optionen zum Einzahlen und Abheben von Geld mit verschiedenen Online-Zahlungsmethoden bieten.<\/p>\n\n\n\n<p>Andererseits bieten Android-Buchmacher-Apps nicht alle Arten von Gl\u00fccksspielen an. Wenn Sie also Casinospiele, Slot-Apps oder Online-Poker m\u00f6chten, m\u00fcssen Sie m\u00f6glicherweise zus\u00e4tzliche Apps herunterladen.<\/p>\n\n<\/div><\/div>\n\n<div class=\"gb-grid-column gb-grid-column-24ce7e0c\"><div class=\"gb-container gb-container-24ce7e0c\">\n\n<figure class=\"gb-block-image gb-block-image-5f3a20fd\"><img decoding=\"async\" class=\"gb-image gb-image-5f3a20fd\" src=\"https:\/\/azbookmakers.com\/de\/wp-content\/uploads\/sites\/2\/2024\/12\/Android-bookies.svg\" alt=\"Android Buchmacher\" title=\"Android Buchmacher\"\/><\/figure>\n\n<\/div><\/div>\n<\/div>\n<\/div>\n<\/div>\n<\/div>\n<\/div><\/div>","protected":false},"excerpt":{"rendered":"<p>Buchmacher mit den besten Quoten MyStake Am besten optimierter Android Buchmacher Bovada<\/p>\n","protected":false},"author":1,"featured_media":0,"parent":0,"menu_order":0,"comment_status":"closed","ping_status":"closed","template":"","meta":{"footnotes":""},"class_list":["post-926","page","type-page","status-publish"],"yoast_head":"<!-- This site is optimized with the Yoast SEO plugin v26.7 - https:\/\/yoast.com\/wordpress\/plugins\/seo\/ -->\n<title>Android-Wettseiten 2026 - Beste Buchmacher f\u00fcr Android<\/title>\n<meta name=\"description\" content=\"Auf dieser Seite haben wir die besten Buchmacher f\u00fcr Android-Wetten ausgew\u00e4hlt und welche Vorteile sie f\u00fcr diese Benutzer bieten.\" \/>\n<meta name=\"robots\" content=\"index, follow, max-snippet:-1, max-image-preview:large, max-video-preview:-1\" \/>\n<link rel=\"canonical\" href=\"https:\/\/azbookmakers.com\/de\/android-buchmacher\/\" \/>\n<meta property=\"og:locale\" content=\"en_US\" \/>\n<meta property=\"og:type\" content=\"article\" \/>\n<meta property=\"og:title\" content=\"Android-Wettseiten 2026 - Beste Buchmacher f\u00fcr Android\" \/>\n<meta property=\"og:description\" content=\"Auf dieser Seite haben wir die besten Buchmacher f\u00fcr Android-Wetten ausgew\u00e4hlt und welche Vorteile sie f\u00fcr diese Benutzer bieten.\" \/>\n<meta property=\"og:url\" content=\"https:\/\/azbookmakers.com\/de\/android-buchmacher\/\" \/>\n<meta property=\"og:site_name\" content=\"Germany\" \/>\n<meta property=\"article:modified_time\" content=\"2025-04-17T11:19:06+00:00\" \/>\n<meta property=\"og:image\" content=\"https:\/\/azbookmakers.com\/de\/wp-content\/uploads\/sites\/2\/2024\/12\/Android-Bookmakers.svg\" \/>\n<meta name=\"twitter:card\" content=\"summary_large_image\" \/>\n<meta name=\"twitter:label1\" content=\"Est. reading time\" \/>\n\t<meta name=\"twitter:data1\" content=\"3 minutes\" \/>\n<script type=\"application\/ld+json\" class=\"yoast-schema-graph\">{\"@context\":\"https:\/\/schema.org\",\"@graph\":[{\"@type\":\"WebPage\",\"@id\":\"https:\/\/azbookmakers.com\/de\/android-buchmacher\/\",\"url\":\"https:\/\/azbookmakers.com\/de\/android-buchmacher\/\",\"name\":\"Android-Wettseiten 2026 - Beste Buchmacher f\u00fcr Android\",\"isPartOf\":{\"@id\":\"https:\/\/azbookmakers.com\/de\/#website\"},\"primaryImageOfPage\":{\"@id\":\"https:\/\/azbookmakers.com\/de\/android-buchmacher\/#primaryimage\"},\"image\":{\"@id\":\"https:\/\/azbookmakers.com\/de\/android-buchmacher\/#primaryimage\"},\"thumbnailUrl\":\"https:\/\/azbookmakers.com\/de\/wp-content\/uploads\/sites\/2\/2024\/12\/Android-Bookmakers.svg\",\"datePublished\":\"2024-12-12T07:10:45+00:00\",\"dateModified\":\"2025-04-17T11:19:06+00:00\",\"description\":\"Auf dieser Seite haben wir die besten Buchmacher f\u00fcr Android-Wetten ausgew\u00e4hlt und welche Vorteile sie f\u00fcr diese Benutzer bieten.\",\"breadcrumb\":{\"@id\":\"https:\/\/azbookmakers.com\/de\/android-buchmacher\/#breadcrumb\"},\"inLanguage\":\"en-US\",\"potentialAction\":[{\"@type\":\"ReadAction\",\"target\":[\"https:\/\/azbookmakers.com\/de\/android-buchmacher\/\"]}]},{\"@type\":\"ImageObject\",\"inLanguage\":\"en-US\",\"@id\":\"https:\/\/azbookmakers.com\/de\/android-buchmacher\/#primaryimage\",\"url\":\"https:\/\/azbookmakers.com\/de\/wp-content\/uploads\/sites\/2\/2024\/12\/Android-Bookmakers.svg\",\"contentUrl\":\"https:\/\/azbookmakers.com\/de\/wp-content\/uploads\/sites\/2\/2024\/12\/Android-Bookmakers.svg\"},{\"@type\":\"BreadcrumbList\",\"@id\":\"https:\/\/azbookmakers.com\/de\/android-buchmacher\/#breadcrumb\",\"itemListElement\":[{\"@type\":\"ListItem\",\"position\":1,\"name\":\"AZbookmakers\",\"item\":\"https:\/\/azbookmakers.com\/de\/\"},{\"@type\":\"ListItem\",\"position\":2,\"name\":\"Android Buchmacher\"}]},{\"@type\":\"WebSite\",\"@id\":\"https:\/\/azbookmakers.com\/de\/#website\",\"url\":\"https:\/\/azbookmakers.com\/de\/\",\"name\":\"Germany\",\"description\":\"AZbookmakers\",\"publisher\":{\"@id\":\"https:\/\/azbookmakers.com\/de\/#organization\"},\"potentialAction\":[{\"@type\":\"SearchAction\",\"target\":{\"@type\":\"EntryPoint\",\"urlTemplate\":\"https:\/\/azbookmakers.com\/de\/?s={search_term_string}\"},\"query-input\":{\"@type\":\"PropertyValueSpecification\",\"valueRequired\":true,\"valueName\":\"search_term_string\"}}],\"inLanguage\":\"en-US\"},{\"@type\":\"Organization\",\"@id\":\"https:\/\/azbookmakers.com\/de\/#organization\",\"name\":\"Germany\",\"url\":\"https:\/\/azbookmakers.com\/de\/\",\"logo\":{\"@type\":\"ImageObject\",\"inLanguage\":\"en-US\",\"@id\":\"https:\/\/azbookmakers.com\/de\/#\/schema\/logo\/image\/\",\"url\":\"https:\/\/azbookmakers.com\/de\/wp-content\/uploads\/sites\/2\/2024\/11\/azbookmakers.svg\",\"contentUrl\":\"https:\/\/azbookmakers.com\/de\/wp-content\/uploads\/sites\/2\/2024\/11\/azbookmakers.svg\",\"width\":184,\"height\":33,\"caption\":\"Germany\"},\"image\":{\"@id\":\"https:\/\/azbookmakers.com\/de\/#\/schema\/logo\/image\/\"}}]}<\/script>\n<!-- \/ Yoast SEO plugin. -->","yoast_head_json":{"title":"Android-Wettseiten 2026 - Beste Buchmacher f\u00fcr Android","description":"Auf dieser Seite haben wir die besten Buchmacher f\u00fcr Android-Wetten ausgew\u00e4hlt und welche Vorteile sie f\u00fcr diese Benutzer bieten.","robots":{"index":"index","follow":"follow","max-snippet":"max-snippet:-1","max-image-preview":"max-image-preview:large","max-video-preview":"max-video-preview:-1"},"canonical":"https:\/\/azbookmakers.com\/de\/android-buchmacher\/","og_locale":"en_US","og_type":"article","og_title":"Android-Wettseiten 2026 - Beste Buchmacher f\u00fcr Android","og_description":"Auf dieser Seite haben wir die besten Buchmacher f\u00fcr Android-Wetten ausgew\u00e4hlt und welche Vorteile sie f\u00fcr diese Benutzer bieten.","og_url":"https:\/\/azbookmakers.com\/de\/android-buchmacher\/","og_site_name":"Germany","article_modified_time":"2025-04-17T11:19:06+00:00","og_image":[{"url":"https:\/\/azbookmakers.com\/de\/wp-content\/uploads\/sites\/2\/2024\/12\/Android-Bookmakers.svg","type":"","width":"","height":""}],"twitter_card":"summary_large_image","twitter_misc":{"Est. reading time":"3 minutes"},"schema":{"@context":"https:\/\/schema.org","@graph":[{"@type":"WebPage","@id":"https:\/\/azbookmakers.com\/de\/android-buchmacher\/","url":"https:\/\/azbookmakers.com\/de\/android-buchmacher\/","name":"Android-Wettseiten 2026 - Beste Buchmacher f\u00fcr Android","isPartOf":{"@id":"https:\/\/azbookmakers.com\/de\/#website"},"primaryImageOfPage":{"@id":"https:\/\/azbookmakers.com\/de\/android-buchmacher\/#primaryimage"},"image":{"@id":"https:\/\/azbookmakers.com\/de\/android-buchmacher\/#primaryimage"},"thumbnailUrl":"https:\/\/azbookmakers.com\/de\/wp-content\/uploads\/sites\/2\/2024\/12\/Android-Bookmakers.svg","datePublished":"2024-12-12T07:10:45+00:00","dateModified":"2025-04-17T11:19:06+00:00","description":"Auf dieser Seite haben wir die besten Buchmacher f\u00fcr Android-Wetten ausgew\u00e4hlt und welche Vorteile sie f\u00fcr diese Benutzer bieten.","breadcrumb":{"@id":"https:\/\/azbookmakers.com\/de\/android-buchmacher\/#breadcrumb"},"inLanguage":"en-US","potentialAction":[{"@type":"ReadAction","target":["https:\/\/azbookmakers.com\/de\/android-buchmacher\/"]}]},{"@type":"ImageObject","inLanguage":"en-US","@id":"https:\/\/azbookmakers.com\/de\/android-buchmacher\/#primaryimage","url":"https:\/\/azbookmakers.com\/de\/wp-content\/uploads\/sites\/2\/2024\/12\/Android-Bookmakers.svg","contentUrl":"https:\/\/azbookmakers.com\/de\/wp-content\/uploads\/sites\/2\/2024\/12\/Android-Bookmakers.svg"},{"@type":"BreadcrumbList","@id":"https:\/\/azbookmakers.com\/de\/android-buchmacher\/#breadcrumb","itemListElement":[{"@type":"ListItem","position":1,"name":"AZbookmakers","item":"https:\/\/azbookmakers.com\/de\/"},{"@type":"ListItem","position":2,"name":"Android Buchmacher"}]},{"@type":"WebSite","@id":"https:\/\/azbookmakers.com\/de\/#website","url":"https:\/\/azbookmakers.com\/de\/","name":"Germany","description":"AZbookmakers","publisher":{"@id":"https:\/\/azbookmakers.com\/de\/#organization"},"potentialAction":[{"@type":"SearchAction","target":{"@type":"EntryPoint","urlTemplate":"https:\/\/azbookmakers.com\/de\/?s={search_term_string}"},"query-input":{"@type":"PropertyValueSpecification","valueRequired":true,"valueName":"search_term_string"}}],"inLanguage":"en-US"},{"@type":"Organization","@id":"https:\/\/azbookmakers.com\/de\/#organization","name":"Germany","url":"https:\/\/azbookmakers.com\/de\/","logo":{"@type":"ImageObject","inLanguage":"en-US","@id":"https:\/\/azbookmakers.com\/de\/#\/schema\/logo\/image\/","url":"https:\/\/azbookmakers.com\/de\/wp-content\/uploads\/sites\/2\/2024\/11\/azbookmakers.svg","contentUrl":"https:\/\/azbookmakers.com\/de\/wp-content\/uploads\/sites\/2\/2024\/11\/azbookmakers.svg","width":184,"height":33,"caption":"Germany"},"image":{"@id":"https:\/\/azbookmakers.com\/de\/#\/schema\/logo\/image\/"}}]}},"_links":{"self":[{"href":"https:\/\/azbookmakers.com\/de\/wp-json\/wp\/v2\/pages\/926","targetHints":{"allow":["GET"]}}],"collection":[{"href":"https:\/\/azbookmakers.com\/de\/wp-json\/wp\/v2\/pages"}],"about":[{"href":"https:\/\/azbookmakers.com\/de\/wp-json\/wp\/v2\/types\/page"}],"author":[{"embeddable":true,"href":"https:\/\/azbookmakers.com\/de\/wp-json\/wp\/v2\/users\/1"}],"replies":[{"embeddable":true,"href":"https:\/\/azbookmakers.com\/de\/wp-json\/wp\/v2\/comments?post=926"}],"version-history":[{"count":8,"href":"https:\/\/azbookmakers.com\/de\/wp-json\/wp\/v2\/pages\/926\/revisions"}],"predecessor-version":[{"id":3210,"href":"https:\/\/azbookmakers.com\/de\/wp-json\/wp\/v2\/pages\/926\/revisions\/3210"}],"wp:attachment":[{"href":"https:\/\/azbookmakers.com\/de\/wp-json\/wp\/v2\/media?parent=926"}],"curies":[{"name":"wp","href":"https:\/\/api.w.org\/{rel}","templated":true}]}}